{"id":575,"date":"2024-07-11T15:05:53","date_gmt":"2024-07-11T13:05:53","guid":{"rendered":"https:\/\/familypointcostabrava.com\/?page_id=575"},"modified":"2024-12-19T09:05:50","modified_gmt":"2024-12-19T08:05:50","slug":"politica-cookies","status":"publish","type":"page","link":"https:\/\/familypointcostabrava.com\/fr\/politica-cookies\/","title":{"rendered":"Politique de cookies"},"content":{"rendered":"<div data-elementor-type=\"wp-page\" data-elementor-id=\"575\" class=\"elementor elementor-575\">\n\t\t\t\t\t\t\t<div class=\"elementor-element elementor-element-47f420f e-con-boxed e-con\" data-id=\"47f420f\" data-element_type=\"container\" data-settings=\"{&quot;background_background&quot;:&quot;classic&quot;,&quot;content_width&quot;:&quot;boxed&quot;}\">\n\t\t\t\t\t<div class=\"e-con-inner\">\n\t\t\t\t<div class=\"elementor-element elementor-element-8995b7b elementor-widget__width-initial elementor-view-default elementor-widget elementor-widget-icon\" data-id=\"8995b7b\" data-element_type=\"widget\" data-widget_type=\"icon.default\">\n\t\t\t\t<div class=\"elementor-widget-container\">\n\t\t\t\t\t<div class=\"elementor-icon-wrapper\">\n\t\t\t<a class=\"elementor-icon\" href=\"https:\/\/familypointcostabrava.com\/fr\/\">\n\t\t\t<svg xmlns=\"http:\/\/www.w3.org\/2000\/svg\" id=\"Capa_2\" data-name=\"Capa 2\" width=\"529.459\" height=\"108.834\" viewbox=\"0 0 529.459 108.834\"><defs><style>      .cls-1 {        fill: #fff;      }    <\/style><\/defs><g id=\"Capa_1-2\" data-name=\"Capa 1\"><g><g><path class=\"cls-1\" d=\"m0,31.402h49.164v11.061H11.676v22.124h30.727v11.062H11.676v33.185H0V31.402Z\"><\/path><path class=\"cls-1\" d=\"m77.434,31.402h9.832l29.498,77.432h-12.291l-6.76-17.821h-30.727l-6.76,17.821h-12.291l29.498-77.432Zm15.978,48.549l-11.062-30.727-11.062,30.727h22.124Z\"><\/path><path class=\"cls-1\" d=\"m236.575,31.738h11.676v77.097h-11.676V31.738Z\"><\/path><path class=\"cls-1\" d=\"m272.161,31.738h11.626v66.083h36.713v11.014h-48.339V31.738Z\"><\/path><path class=\"cls-1\" d=\"m336.805,78.386l-24.582-47.32h12.291l17.822,35.029h.614l17.822-35.029h12.291l-24.582,47.32v30.112h-11.676v-30.112Z\"><\/path><\/g><circle class=\"cls-1\" cx=\"171.136\" cy=\"32.205\" r=\"8.573\"><\/circle><circle class=\"cls-1\" cx=\"135.772\" cy=\"8.573\" r=\"8.573\"><\/circle><circle class=\"cls-1\" cx=\"209.131\" cy=\"8.573\" r=\"8.573\"><\/circle><path class=\"cls-1\" d=\"m208.512,25.378c-5.705-2.038-11.869-.327-15.707,4.358l-21.105,25.762-20.53-24.774c-3.853-4.649-10.011-6.33-15.694-4.282-5.68,2.048-9.351,7.273-9.351,13.311v69.083h11.401V39.751c0-1.743,1.27-2.389,1.817-2.586.546-.197,1.937-.51,3.049.832l21.948,26.485-6.725,8.209.039.032c-2.162,2.67-3.49,5.712-3.952,9.072-.655,4.765.45,9.325,3.194,13.185,3.495,4.914,8.541,7.627,14.593,7.846.234.008.466.013.698.013,3.792,0,7.308-1.131,10.459-3.366,4.253-3.016,6.897-7.321,7.645-12.452.822-5.633-.667-10.709-4.306-14.679l-.895-.977c-.892-.974-1.795-1.958-2.703-2.941l.013-.011-3.291-3.971,22.513-27.48c1.108-1.353,2.503-1.042,3.051-.847.549.196,1.824.841,1.824,2.589v70.132h11.401V38.702c0-6.056-3.685-11.287-9.388-13.324Zm-29.501,59.997c-.299,2.054-1.24,3.579-2.958,4.798-1.273.903-2.634,1.315-4.151,1.26-2.511-.091-4.274-1.034-5.714-3.059-1.076-1.513-1.455-3.11-1.191-5.026.22-1.597.923-2.938,2.213-4.219,1.274-1.265,3.174-3.223,4.903-5.021,1.533,1.639,3.066,3.312,4.572,4.956l.898.981c.817.892,1.855,2.414,1.429,5.331Z\"><\/path><g><path class=\"cls-1\" d=\"m387.979,31.05h4.042l1.244,2.799c.56-.56,1.182-1.119,1.928-1.555,1.306-.746,3.359-1.555,6.157-1.555,7.464,0,13.371,5.908,13.371,14.304s-5.908,14.304-13.371,14.304c-2.674,0-4.54-.746-5.846-1.555-.746-.435-1.368-.995-1.928-1.555v12.749h-5.597V31.05Zm21.145,13.993c0-5.286-3.794-9.018-8.085-9.018s-8.085,3.731-8.085,9.018,3.794,9.017,8.085,9.017,8.085-3.731,8.085-9.017Z\"><\/path><path class=\"cls-1\" d=\"m423.738,45.042c0-8.396,5.908-14.304,13.371-14.304s13.37,5.908,13.37,14.304-5.908,14.304-13.37,14.304-13.371-5.908-13.371-14.304Zm21.145,0c0-5.286-3.731-9.018-7.774-9.018s-7.775,3.731-7.775,9.018,3.731,9.017,7.775,9.017,7.774-3.731,7.774-9.017Z\"><\/path><path class=\"cls-1\" d=\"m467.27,23.276c0,1.928-1.492,3.421-3.42,3.421s-3.421-1.493-3.421-3.421,1.492-3.42,3.421-3.42,3.42,1.493,3.42,3.42Zm-6.218,7.774h5.597v27.986h-5.597v-27.986Z\"><\/path><path class=\"cls-1\" d=\"m478.775,31.05h4.042l1.244,2.799c.56-.56,1.182-1.119,1.928-1.555,1.306-.746,3.359-1.555,6.157-1.555,6.219,0,11.195,4.975,11.195,12.127v16.169h-5.598v-16.169c0-3.669-3.047-6.841-6.53-6.841-3.793,0-6.841,3.172-6.841,6.841v16.169h-5.597v-27.986Z\"><\/path><path class=\"cls-1\" d=\"m517.643,36.336h-4.975v-5.286h2.177c2.176,0,3.731-1.555,3.731-3.731v-3.731h4.664v7.463h6.219v5.286h-6.219v13.371c0,2.487,1.866,4.353,4.353,4.353.436,0,.871-.062,1.306-.124l.56-.187v4.975c-.249.124-.56.249-.871.311-.622.186-1.368.311-2.239.311-4.976,0-8.707-3.731-8.707-9.639v-13.371Z\"><\/path><\/g><\/g><\/g><\/svg>\t\t\t<\/a>\n\t\t<\/div>\n\t\t\t\t<\/div>\n\t\t\t\t<\/div>\n\t\t\t\t<div class=\"elementor-element elementor-element-aa15b2c elementor-align-right elementor-widget__width-initial elementor-widget elementor-widget-button\" data-id=\"aa15b2c\" data-element_type=\"widget\" data-widget_type=\"button.default\">\n\t\t\t\t<div class=\"elementor-widget-container\">\n\t\t\t\t\t<div class=\"elementor-button-wrapper\">\n\t\t\t<a href=\"https:\/\/familypointcostabrava.com\/fr\/\" class=\"elementor-button-link elementor-button elementor-size-sm\" role=\"button\">\n\t\t\t\t\t\t<span class=\"elementor-button-content-wrapper\">\n\t\t\t\t\t\t\t<span class=\"elementor-button-icon elementor-align-icon-left\">\n\t\t\t\t<i aria-hidden=\"true\" class=\"fas fa-arrow-left\"><\/i>\t\t\t<\/span>\n\t\t\t\t\t\t<span class=\"elementor-button-text\">Retour en haut<\/span>\n\t\t<\/span>\n\t\t\t\t\t<\/a>\n\t\t<\/div>\n\t\t\t\t<\/div>\n\t\t\t\t<\/div>\n\t\t\t\t\t<\/div>\n\t\t\t\t<\/div>\n\t\t<div class=\"elementor-element elementor-element-660c8f1 e-con-full e-con\" data-id=\"660c8f1\" data-element_type=\"container\" data-settings=\"{&quot;content_width&quot;:&quot;full&quot;,&quot;background_background&quot;:&quot;classic&quot;}\">\n\t\t<div class=\"elementor-element elementor-element-60aaec3 e-con-boxed e-con\" data-id=\"60aaec3\" data-element_type=\"container\" data-settings=\"{&quot;content_width&quot;:&quot;boxed&quot;}\">\n\t\t\t\t\t<div class=\"e-con-inner\">\n\t\t\t\t<div class=\"elementor-element elementor-element-912ff72 elementor-widget elementor-widget-heading\" data-id=\"912ff72\" data-element_type=\"widget\" data-widget_type=\"heading.default\">\n\t\t\t\t<div class=\"elementor-widget-container\">\n\t\t\t<style>\/*! elementor - v3.9.0 - 06-12-2022 *\/\n.elementor-heading-title{padding:0;margin:0;line-height:1}.elementor-widget-heading .elementor-heading-title[class*=elementor-size-]>a{color:inherit;font-size:inherit;line-height:inherit}.elementor-widget-heading .elementor-heading-title.elementor-size-small{font-size:15px}.elementor-widget-heading .elementor-heading-title.elementor-size-medium{font-size:19px}.elementor-widget-heading .elementor-heading-title.elementor-size-large{font-size:29px}.elementor-widget-heading .elementor-heading-title.elementor-size-xl{font-size:39px}.elementor-widget-heading .elementor-heading-title.elementor-size-xxl{font-size:59px}<\/style><h1 class=\"elementor-heading-title elementor-size-default\">Politique de cookies<\/h1>\t\t<\/div>\n\t\t\t\t<\/div>\n\t\t\t\t\t<\/div>\n\t\t\t\t<\/div>\n\t\t\t\t<\/div>\n\t\t<div class=\"elementor-element elementor-element-5c28014 e-con-boxed e-con\" data-id=\"5c28014\" data-element_type=\"container\" data-settings=\"{&quot;content_width&quot;:&quot;boxed&quot;}\">\n\t\t\t\t\t<div class=\"e-con-inner\">\n\t\t\t\t<div class=\"elementor-element elementor-element-021b180 elementor-widget elementor-widget-text-editor\" data-id=\"021b180\" data-element_type=\"widget\" data-widget_type=\"text-editor.default\">\n\t\t\t\t<div class=\"elementor-widget-container\">\n\t\t\t<style>\/*! elementor - v3.9.0 - 06-12-2022 *\/\n.elementor-widget-text-editor.elementor-drop-cap-view-stacked .elementor-drop-cap{background-color:#818a91;color:#fff}.elementor-widget-text-editor.elementor-drop-cap-view-framed .elementor-drop-cap{color:#818a91;border:3px solid;background-color:transparent}.elementor-widget-text-editor:not(.elementor-drop-cap-view-default) .elementor-drop-cap{margin-top:8px}.elementor-widget-text-editor:not(.elementor-drop-cap-view-default) .elementor-drop-cap-letter{width:1em;height:1em}.elementor-widget-text-editor .elementor-drop-cap{float:left;text-align:center;line-height:1;font-size:50px}.elementor-widget-text-editor .elementor-drop-cap-letter{display:inline-block}<\/style>\t\t\t\t<h3><strong>Informations g\u00e9n\u00e9rales sur les cookies<\/strong><\/h3>\n<p>La confiance des utilisateurs est importante pour nous et, par cons\u00e9quent, <strong>VISET TOURISTIC SL<\/strong>\u00a0Nous sommes soucieux de prot\u00e9ger votre vie priv\u00e9e. Un aspect important de ceci est de vous fournir autant d\u2019informations que possible sur la fa\u00e7on dont nous utilisons vos donn\u00e9es personnelles, y compris la fa\u00e7on dont nous utilisons le stockage de donn\u00e9es local et la technologie similaire.<\/p>\n<p>Le stockage de donn\u00e9es local implique de stocker diff\u00e9rents types de donn\u00e9es localement sur votre appareil via votre navigateur Web. Les donn\u00e9es stock\u00e9es localement peuvent, par exemple, contenir des param\u00e8tres utilisateur, des informations sur la fa\u00e7on dont vous naviguez sur notre site Web, le navigateur Web que vous utilisez, les publicit\u00e9s qui ont \u00e9t\u00e9 diffus\u00e9es et un comportement similaire sur les sites Web avec lesquels nous collaborons. Les donn\u00e9es stock\u00e9es localement peuvent \u00eatre utilis\u00e9es pour personnaliser le contenu et les fonctionnalit\u00e9s de nos services afin que vos visites soient plus pratiques et significatives.<\/p>\n<p>Les cookies sont une m\u00e9thode de stockage de donn\u00e9es locales. Les cookies sont de petits fichiers textes qui sont stock\u00e9s sur votre appareil (PC, t\u00e9l\u00e9phone mobile ou tablette) qui nous permettent de reconna\u00eetre votre navigateur Web. Les cookies contiennent des informations principalement sur votre navigateur Web et toute activit\u00e9 qui s&#039;est produite sur celui-ci. Ils nous aident \u00e0 garantir la s\u00e9curit\u00e9 et le fonctionnement optimal de notre site Web. Une fois que vous quittez notre site Web, ceux-ci sont supprim\u00e9s (cookies de s\u00e9curit\u00e9 et cookies de session) et collectent des informations sur les produits qui int\u00e9ressent nos visiteurs Internet et sur la fa\u00e7on dont ils naviguent sur notre site Web afin que nos offres en ligne soient plus attrayantes pour les utilisateurs (cookies de suivi).<\/p>\n<p>\u00a0<\/p>\n<h3><strong>Informations compl\u00e9mentaires sur les cookies<\/strong><\/h3>\n<p>Nous utilisons le stockage de donn\u00e9es local \u00e0 diverses fins, telles que : nous permettre d\u2019ex\u00e9cuter nos services ; vous fournir un contenu pertinent et personnalis\u00e9 lorsque vous visitez nos sites Web\u00a0; mesurer et analyser le trafic sur notre site Web ; am\u00e9liorer nos services ; et de la publicit\u00e9 directe sp\u00e9cifique. Vous trouverez ci-dessous plus de d\u00e9tails sur ces sujets\u00a0:<\/p>\n<ul>\n<li style=\"list-style-type: none;\">\n<ul>\n<li>Pour notre publicit\u00e9<\/li>\n<\/ul>\n<\/li>\n<\/ul>\n<p>Nous utilisons le stockage de donn\u00e9es local dans le cadre d&#039;activit\u00e9s publicitaires. Cela nous permet de savoir si et \u00e0 quelle fr\u00e9quence l&#039;utilisateur a vu une publicit\u00e9 ou un certain type de publicit\u00e9, et depuis combien de temps il l&#039;a vu.<\/p>\n<p>Nous utilisons \u00e9galement le stockage de donn\u00e9es local pour cr\u00e9er des segments et des groupes cibles \u00e0 des fins de marketing et pour cibler des publicit\u00e9s sp\u00e9cifiques.<\/p>\n<ul>\n<li style=\"list-style-type: none;\">\n<ul>\n<li>Pour analyser et am\u00e9liorer nos services<\/li>\n<\/ul>\n<\/li>\n<\/ul>\n<p>Nous utilisons divers outils de mesure qui nous fournissent des statistiques et des analyses li\u00e9es \u00e0 nos services. Ces outils nous permettent de reconna\u00eetre le navigateur Web au fil du temps et de savoir si l&#039;utilisateur a d\u00e9j\u00e0 visit\u00e9 le site Web et, si oui, \u00e0 quelle fr\u00e9quence. Ces outils nous offrent la possibilit\u00e9 d\u2019avoir une vue d\u2019ensemble du nombre d\u2019utilisateurs uniques que nous avons et de la mani\u00e8re dont ils utilisent nos services.<\/p>\n<p>Nous utilisons \u00e9galement les informations que nous avons collect\u00e9es et analys\u00e9es pour d\u00e9velopper et am\u00e9liorer nos services\u00a0; par exemple, d\u00e9couvrir quels services g\u00e9n\u00e8rent beaucoup de trafic ou voir si un service fonctionne de mani\u00e8re optimale.<\/p>\n<ul>\n<li style=\"list-style-type: none;\">\n<ul>\n<li>Pour d\u00e9livrer et adapter les services \u00e0 votre usage<\/li>\n<\/ul>\n<\/li>\n<\/ul>\n<p>Le stockage local de donn\u00e9es est requis et n\u00e9cessaire pour vous permettre d&#039;utiliser nos services, tels que des informations sur votre configuration, qui nous indiquent comment les services doivent \u00eatre pr\u00e9sent\u00e9s dans votre navigateur Web.<\/p>\n<p>Nous utilisons \u00e9galement un stockage de donn\u00e9es local pour adapter au mieux nos services \u00e0 votre utilisation.<\/p>\n<p>\u00a0<\/p>\n<h3><strong>Gestion des cookies<\/strong><\/h3>\n<p>Vous pouvez d\u00e9sactiver les cookies ou configurer votre navigateur pour qu&#039;il vous avertisse lorsqu&#039;un cookie vous est envoy\u00e9.<\/p>\n<p>Les param\u00e8tres de votre navigateur Web affichent normalement une liste de tous les cookies qui ont \u00e9t\u00e9 stock\u00e9s afin de vous fournir un aper\u00e7u et, si vous le souhaitez, de supprimer les cookies ind\u00e9sirables. En r\u00e8gle g\u00e9n\u00e9rale, vous pouvez indiquer que vous acceptez le stockage de cookies provenant des sites Web que vous visitez ou de tiers affili\u00e9s \u00e0 ces sites Web. Vous pouvez \u00e9galement choisir d\u2019\u00eatre averti \u00e0 chaque fois qu\u2019un nouveau cookie est enregistr\u00e9. Vous trouverez ci-dessous des conseils sur la mani\u00e8re de proc\u00e9der dans diff\u00e9rents navigateurs Web. Votre navigateur Web stocke normalement les cookies dans un dossier sp\u00e9cifique sur votre disque dur, afin que vous puissiez \u00e9galement examiner le contenu plus en d\u00e9tail.<\/p>\n<p>Cependant, les cookies pr\u00e9sents sur le site Web changent fr\u00e9quemment et tous les cookies n\u2019ont pas la m\u00eame importance. Par cons\u00e9quent, si <strong>VISET TOURISTIC SL<\/strong>\u00a0Si l&#039;utilisation des cookies de suivi change, vous en serez inform\u00e9 par un message.<\/p>\n<p>De m\u00eame, des services sont disponibles qui ont \u00e9t\u00e9 sp\u00e9cialement d\u00e9velopp\u00e9s pour fournir aux utilisateurs une liste mise \u00e0 jour des cookies et autres m\u00e9canismes de suivi.<\/p>\n<p>Veuillez noter que si vous les d\u00e9sactivez, vous risquez de ne pas pouvoir profiter de toutes les fonctionnalit\u00e9s de notre site Web.<\/p>\n<p>Vous trouverez ci-dessous un r\u00e9sum\u00e9 de la mani\u00e8re dont les donn\u00e9es stock\u00e9es localement peuvent \u00eatre g\u00e9r\u00e9es dans diff\u00e9rents navigateurs Web. Veuillez noter que ce processus peut changer et que les descriptions donn\u00e9es ici peuvent ne pas \u00eatre \u00e0 jour.<\/p>\n<p>\u00a0<\/p>\n<h5>Gestion des cookies dans Google Chrome<\/h5>\n<ul>\n<li>Comment supprimer les cookies :\n<ol>\n<li>Acc\u00e9dez \u00e0 Param\u00e8tres dans le menu de votre navigateur.<\/li>\n<li>Cliquez sur Afficher les param\u00e8tres avanc\u00e9s.<\/li>\n<li>Cliquez sur Effacer les donn\u00e9es de navigation.<\/li>\n<li>S\u00e9lectionnez la p\u00e9riode pour laquelle vous souhaitez supprimer les informations dans le menu en haut. Si vous souhaitez supprimer tous les cookies du navigateur, cliquez sur Depuis la nuit des temps.<\/li>\n<li>Marquer les cookies et autres donn\u00e9es de site et de module compl\u00e9mentaire.<\/li>\n<li>Cliquez sur Effacer les donn\u00e9es de navigation.<\/li>\n<li>Ferme la fen\u00eatre.<\/li>\n<\/ol>\n<\/li>\n<li>Comment emp\u00eacher le stockage de cookies dans votre navigateur Web\u00a0:\n<ol>\n<li>Acc\u00e9dez \u00e0 Param\u00e8tres dans le menu de votre navigateur.<\/li>\n<li>Cliquez sur Afficher les param\u00e8tres avanc\u00e9s, puis sur Param\u00e8tres de contenu.<\/li>\n<li>Sous Cookies, s\u00e9lectionnez votre option pr\u00e9f\u00e9r\u00e9e. Si vous souhaitez emp\u00eacher l\u2019enregistrement de tous les cookies, cliquez sur Ne pas autoriser l\u2019enregistrement des donn\u00e9es du site.<\/li>\n<li>Cliquez sur Termin\u00e9.<\/li>\n<li>Ferme la fen\u00eatre.<\/li>\n<\/ol>\n<\/li>\n<\/ul>\n<h5>\u00a0<\/h5>\n<h5>Gestion des cookies dans Safari<\/h5>\n<ul>\n<li>Comment supprimer les cookies :\n<ol>\n<li>Acc\u00e9dez \u00e0 Pr\u00e9f\u00e9rences dans le menu de votre navigateur.<\/li>\n<li>Cliquez sur l\u2019onglet Confidentialit\u00e9.<\/li>\n<li>Cliquez sur Effacer toutes les donn\u00e9es du site Web, puis sur Supprimer pour supprimer tous les cookies.<\/li>\n<li>Ferme la fen\u00eatre.<\/li>\n<\/ol>\n<\/li>\n<li>Comment emp\u00eacher le stockage de cookies dans votre navigateur Web\u00a0:\n<ol>\n<li>Acc\u00e9dez \u00e0 Pr\u00e9f\u00e9rences dans le menu de votre navigateur.<\/li>\n<li>Cliquez sur l\u2019onglet Confidentialit\u00e9.<\/li>\n<li>Sous Cookies et donn\u00e9es de site Web, s\u00e9lectionnez votre option pr\u00e9f\u00e9r\u00e9e. Si vous souhaitez emp\u00eacher le stockage de tous les cookies, cliquez sur Toujours bloquer.<\/li>\n<li>Ferme la fen\u00eatre.<\/li>\n<\/ol>\n<\/li>\n<\/ul>\n<h5>\u00a0<\/h5>\n<h5>Gestion des cookies dans Mozilla Firefox<\/h5>\n<ul>\n<li>Comment supprimer les cookies :\n<ol>\n<li>Acc\u00e9dez \u00e0 Options dans le menu de votre navigateur.<\/li>\n<li>Cliquez sur l\u2019onglet Confidentialit\u00e9.<\/li>\n<li>Cliquez sur Afficher les cookies.<\/li>\n<li>S\u00e9lectionnez les cookies que vous souhaitez supprimer et cliquez sur Supprimer la s\u00e9lection. Cliquez sur Supprimer tout si vous souhaitez supprimer tous les cookies de votre navigateur Web.<\/li>\n<li>Ferme la fen\u00eatre. Toutes les modifications que vous avez apport\u00e9es seront enregistr\u00e9es automatiquement.<\/li>\n<\/ol>\n<\/li>\n<li>Comment emp\u00eacher le stockage de cookies dans votre navigateur Web\u00a0:\n<ol>\n<li>Acc\u00e9dez \u00e0 Param\u00e8tres dans le menu de votre navigateur.<\/li>\n<li>S\u00e9lectionnez l\u2019onglet Confidentialit\u00e9.<\/li>\n<li>Sous Historique, cliquez sur Utiliser les param\u00e8tres personnalis\u00e9s pour l\u2019historique.<\/li>\n<li>S\u00e9lectionnez vos options pr\u00e9f\u00e9r\u00e9es sous Autoriser les cookies des sites Web. Si vous souhaitez emp\u00eacher le stockage de tous les cookies, d\u00e9cochez la case Accepter les cookies des sites Web.<\/li>\n<li>Ferme la fen\u00eatre. Toutes les modifications que vous avez apport\u00e9es seront enregistr\u00e9es automatiquement.<\/li>\n<\/ol>\n<\/li>\n<\/ul>\n<h5>\u00a0<\/h5>\n<h5>Gestion des cookies dans Internet Explorer<\/h5>\n<ul>\n<li>Comment supprimer les cookies :\n<ol>\n<li>Acc\u00e9dez \u00e0 Outils (ic\u00f4ne d\u2019engrenage) dans le menu de votre navigateur.<\/li>\n<li>Cliquez sur Propri\u00e9t\u00e9s Internet.<\/li>\n<li>Dans l\u2019onglet G\u00e9n\u00e9ral \u2013 Historique de navigation, cliquez sur Supprimer.<\/li>\n<li>Assurez-vous de cocher l\u2019option Cookies et donn\u00e9es du site Web.<\/li>\n<li>Cliquez sur Supprimer.<\/li>\n<li>Cliquez sur OK.<\/li>\n<\/ol>\n<\/li>\n<li>Comment emp\u00eacher le stockage de cookies dans votre navigateur Web\u00a0:\n<ol>\n<li>Acc\u00e9dez \u00e0 Outils (ic\u00f4ne d\u2019engrenage) dans le menu de votre navigateur.<\/li>\n<li>Cliquez sur Options Internet, puis sur l\u2019onglet Confidentialit\u00e9.<\/li>\n<li>D\u00e9placez le curseur jusqu&#039;au niveau souhait\u00e9. Si vous souhaitez emp\u00eacher le stockage de tous les cookies, s\u00e9lectionnez le niveau Bloquer tous les cookies.<\/li>\n<li>Cliquez sur OK.<\/li>\n<\/ol>\n<\/li>\n<\/ul>\n<h5>\u00a0<\/h5>\n<h5>Gestion des cookies dans Opera<\/h5>\n<ul>\n<li>Comment supprimer les cookies :\n<ol>\n<li>Acc\u00e9dez \u00e0 Param\u00e8tres dans le menu de votre navigateur.<\/li>\n<li>S\u00e9lectionnez l\u2019onglet Confidentialit\u00e9 et s\u00e9curit\u00e9.<\/li>\n<li>Cliquez sur Cookies, puis sur Tous les cookies et donn\u00e9es du site Web.<\/li>\n<li>S\u00e9lectionnez les cookies que vous souhaitez supprimer et cliquez sur Supprimer. Cliquez sur Supprimer tout si vous souhaitez supprimer tous les cookies de votre navigateur Web.<\/li>\n<li>Cliquez sur Termin\u00e9.<\/li>\n<li>Ferme la fen\u00eatre.<\/li>\n<\/ol>\n<\/li>\n<li>Comment emp\u00eacher le stockage de cookies dans votre navigateur Web\u00a0:\n<ol>\n<li>Acc\u00e9dez \u00e0 Param\u00e8tres dans le menu de votre navigateur.<\/li>\n<li>S\u00e9lectionnez l\u2019onglet Confidentialit\u00e9 et s\u00e9curit\u00e9.<\/li>\nSous Cookies, s\u00e9lectionnez votre option pr\u00e9f\u00e9r\u00e9e. Si vous souhaitez emp\u00eacher le stockage de tous les cookies, cliquez sur Ne pas autoriser le stockage des donn\u00e9es du site.\n<li>Ferme la fen\u00eatre.<\/li>\n<\/ol>\n<\/li>\n<\/ul>\n<h3>\u00a0<\/h3>\n<h3><strong>Coordonn\u00e9es<\/strong><\/h3>\n<p>Pour plus de transparence, si vous avez des questions concernant l&#039;utilisation du stockage local par notre site Web, veuillez nous contacter \u00e0 <strong>info@familypointcostabrava.com<\/strong>, en indiquant dans l&#039;objet \u00ab Politique de cookies \u00bb<\/p>\n<p><!-- \/wp:paragraph --><\/p>\t\t\t\t\t\t<\/div>\n\t\t\t\t<\/div>\n\t\t\t\t<div class=\"elementor-element elementor-element-27fc19c elementor-widget__width-initial elementor-widget elementor-widget-button\" data-id=\"27fc19c\" data-element_type=\"widget\" data-widget_type=\"button.default\">\n\t\t\t\t<div class=\"elementor-widget-container\">\n\t\t\t\t\t<div class=\"elementor-button-wrapper\">\n\t\t\t<a href=\"https:\/\/familypointcostabrava.com\/fr\/\" class=\"elementor-button-link elementor-button elementor-size-sm\" role=\"button\">\n\t\t\t\t\t\t<span class=\"elementor-button-content-wrapper\">\n\t\t\t\t\t\t\t<span class=\"elementor-button-icon elementor-align-icon-left\">\n\t\t\t\t<i aria-hidden=\"true\" class=\"fas fa-arrow-left\"><\/i>\t\t\t<\/span>\n\t\t\t\t\t\t<span class=\"elementor-button-text\">Retour en haut<\/span>\n\t\t<\/span>\n\t\t\t\t\t<\/a>\n\t\t<\/div>\n\t\t\t\t<\/div>\n\t\t\t\t<\/div>\n\t\t\t\t\t<\/div>\n\t\t\t\t<\/div>\n\t\t\t\t\t\t\t<\/div>","protected":false},"excerpt":{"rendered":"<p>Retour en haut Informations g\u00e9n\u00e9rales sur les cookies La confiance des utilisateurs est importante pour nous, c&#039;est pourquoi chez VISET TUR\u00cdSTIC SL, nous sommes soucieux de prot\u00e9ger votre vie priv\u00e9e. Un aspect important de ceci est de vous fournir autant d\u2019informations que possible sur la fa\u00e7on dont nous utilisons vos donn\u00e9es personnelles, y compris la fa\u00e7on dont nous utilisons le stockage de donn\u00e9es local et [\u2026]<\/p>","protected":false},"author":1,"featured_media":0,"parent":0,"menu_order":0,"comment_status":"closed","ping_status":"closed","template":"elementor_canvas","meta":{"footnotes":""},"class_list":["post-575","page","type-page","status-publish","hentry"],"_links":{"self":[{"href":"https:\/\/familypointcostabrava.com\/fr\/wp-json\/wp\/v2\/pages\/575","targetHints":{"allow":["GET"]}}],"collection":[{"href":"https:\/\/familypointcostabrava.com\/fr\/wp-json\/wp\/v2\/pages"}],"about":[{"href":"https:\/\/familypointcostabrava.com\/fr\/wp-json\/wp\/v2\/types\/page"}],"author":[{"embeddable":true,"href":"https:\/\/familypointcostabrava.com\/fr\/wp-json\/wp\/v2\/users\/1"}],"replies":[{"embeddable":true,"href":"https:\/\/familypointcostabrava.com\/fr\/wp-json\/wp\/v2\/comments?post=575"}],"version-history":[{"count":23,"href":"https:\/\/familypointcostabrava.com\/fr\/wp-json\/wp\/v2\/pages\/575\/revisions"}],"predecessor-version":[{"id":678,"href":"https:\/\/familypointcostabrava.com\/fr\/wp-json\/wp\/v2\/pages\/575\/revisions\/678"}],"wp:attachment":[{"href":"https:\/\/familypointcostabrava.com\/fr\/wp-json\/wp\/v2\/media?parent=575"}],"curies":[{"name":"wp","href":"https:\/\/api.w.org\/{rel}","templated":true}]}}