{"id":3,"date":"2022-11-30T22:49:16","date_gmt":"2022-11-30T22:49:16","guid":{"rendered":"http:\/\/familypointcostabrava.com\/?page_id=3"},"modified":"2025-02-07T11:06:27","modified_gmt":"2025-02-07T10:06:27","slug":"privacy-policy","status":"publish","type":"page","link":"https:\/\/familypointcostabrava.com\/fr\/privacy-policy\/","title":{"rendered":"Politique de Confidentialit\u00e9"},"content":{"rendered":"<div data-elementor-type=\"wp-page\" data-elementor-id=\"3\" class=\"elementor elementor-3\">\n\t\t\t\t\t\t\t<div class=\"elementor-element elementor-element-e7c6f5a e-con-boxed e-con\" data-id=\"e7c6f5a\" data-element_type=\"container\" data-settings=\"{&quot;background_background&quot;:&quot;classic&quot;,&quot;content_width&quot;:&quot;boxed&quot;}\">\n\t\t\t\t\t<div class=\"e-con-inner\">\n\t\t\t\t<div class=\"elementor-element elementor-element-00e072f elementor-widget__width-initial elementor-view-default elementor-widget elementor-widget-icon\" data-id=\"00e072f\" data-element_type=\"widget\" data-widget_type=\"icon.default\">\n\t\t\t\t<div class=\"elementor-widget-container\">\n\t\t\t\t\t<div class=\"elementor-icon-wrapper\">\n\t\t\t<a class=\"elementor-icon\" href=\"https:\/\/familypointcostabrava.com\/fr\/\">\n\t\t\t<svg xmlns=\"http:\/\/www.w3.org\/2000\/svg\" id=\"Capa_2\" data-name=\"Capa 2\" width=\"529.459\" height=\"108.834\" viewbox=\"0 0 529.459 108.834\"><defs><style>      .cls-1 {        fill: #fff;      }    <\/style><\/defs><g id=\"Capa_1-2\" data-name=\"Capa 1\"><g><g><path class=\"cls-1\" d=\"m0,31.402h49.164v11.061H11.676v22.124h30.727v11.062H11.676v33.185H0V31.402Z\"><\/path><path class=\"cls-1\" d=\"m77.434,31.402h9.832l29.498,77.432h-12.291l-6.76-17.821h-30.727l-6.76,17.821h-12.291l29.498-77.432Zm15.978,48.549l-11.062-30.727-11.062,30.727h22.124Z\"><\/path><path class=\"cls-1\" d=\"m236.575,31.738h11.676v77.097h-11.676V31.738Z\"><\/path><path class=\"cls-1\" d=\"m272.161,31.738h11.626v66.083h36.713v11.014h-48.339V31.738Z\"><\/path><path class=\"cls-1\" d=\"m336.805,78.386l-24.582-47.32h12.291l17.822,35.029h.614l17.822-35.029h12.291l-24.582,47.32v30.112h-11.676v-30.112Z\"><\/path><\/g><circle class=\"cls-1\" cx=\"171.136\" cy=\"32.205\" r=\"8.573\"><\/circle><circle class=\"cls-1\" cx=\"135.772\" cy=\"8.573\" r=\"8.573\"><\/circle><circle class=\"cls-1\" cx=\"209.131\" cy=\"8.573\" r=\"8.573\"><\/circle><path class=\"cls-1\" d=\"m208.512,25.378c-5.705-2.038-11.869-.327-15.707,4.358l-21.105,25.762-20.53-24.774c-3.853-4.649-10.011-6.33-15.694-4.282-5.68,2.048-9.351,7.273-9.351,13.311v69.083h11.401V39.751c0-1.743,1.27-2.389,1.817-2.586.546-.197,1.937-.51,3.049.832l21.948,26.485-6.725,8.209.039.032c-2.162,2.67-3.49,5.712-3.952,9.072-.655,4.765.45,9.325,3.194,13.185,3.495,4.914,8.541,7.627,14.593,7.846.234.008.466.013.698.013,3.792,0,7.308-1.131,10.459-3.366,4.253-3.016,6.897-7.321,7.645-12.452.822-5.633-.667-10.709-4.306-14.679l-.895-.977c-.892-.974-1.795-1.958-2.703-2.941l.013-.011-3.291-3.971,22.513-27.48c1.108-1.353,2.503-1.042,3.051-.847.549.196,1.824.841,1.824,2.589v70.132h11.401V38.702c0-6.056-3.685-11.287-9.388-13.324Zm-29.501,59.997c-.299,2.054-1.24,3.579-2.958,4.798-1.273.903-2.634,1.315-4.151,1.26-2.511-.091-4.274-1.034-5.714-3.059-1.076-1.513-1.455-3.11-1.191-5.026.22-1.597.923-2.938,2.213-4.219,1.274-1.265,3.174-3.223,4.903-5.021,1.533,1.639,3.066,3.312,4.572,4.956l.898.981c.817.892,1.855,2.414,1.429,5.331Z\"><\/path><g><path class=\"cls-1\" d=\"m387.979,31.05h4.042l1.244,2.799c.56-.56,1.182-1.119,1.928-1.555,1.306-.746,3.359-1.555,6.157-1.555,7.464,0,13.371,5.908,13.371,14.304s-5.908,14.304-13.371,14.304c-2.674,0-4.54-.746-5.846-1.555-.746-.435-1.368-.995-1.928-1.555v12.749h-5.597V31.05Zm21.145,13.993c0-5.286-3.794-9.018-8.085-9.018s-8.085,3.731-8.085,9.018,3.794,9.017,8.085,9.017,8.085-3.731,8.085-9.017Z\"><\/path><path class=\"cls-1\" d=\"m423.738,45.042c0-8.396,5.908-14.304,13.371-14.304s13.37,5.908,13.37,14.304-5.908,14.304-13.37,14.304-13.371-5.908-13.371-14.304Zm21.145,0c0-5.286-3.731-9.018-7.774-9.018s-7.775,3.731-7.775,9.018,3.731,9.017,7.775,9.017,7.774-3.731,7.774-9.017Z\"><\/path><path class=\"cls-1\" d=\"m467.27,23.276c0,1.928-1.492,3.421-3.42,3.421s-3.421-1.493-3.421-3.421,1.492-3.42,3.421-3.42,3.42,1.493,3.42,3.42Zm-6.218,7.774h5.597v27.986h-5.597v-27.986Z\"><\/path><path class=\"cls-1\" d=\"m478.775,31.05h4.042l1.244,2.799c.56-.56,1.182-1.119,1.928-1.555,1.306-.746,3.359-1.555,6.157-1.555,6.219,0,11.195,4.975,11.195,12.127v16.169h-5.598v-16.169c0-3.669-3.047-6.841-6.53-6.841-3.793,0-6.841,3.172-6.841,6.841v16.169h-5.597v-27.986Z\"><\/path><path class=\"cls-1\" d=\"m517.643,36.336h-4.975v-5.286h2.177c2.176,0,3.731-1.555,3.731-3.731v-3.731h4.664v7.463h6.219v5.286h-6.219v13.371c0,2.487,1.866,4.353,4.353,4.353.436,0,.871-.062,1.306-.124l.56-.187v4.975c-.249.124-.56.249-.871.311-.622.186-1.368.311-2.239.311-4.976,0-8.707-3.731-8.707-9.639v-13.371Z\"><\/path><\/g><\/g><\/g><\/svg>\t\t\t<\/a>\n\t\t<\/div>\n\t\t\t\t<\/div>\n\t\t\t\t<\/div>\n\t\t\t\t<div class=\"elementor-element elementor-element-9227aee elementor-align-right elementor-widget__width-initial elementor-widget elementor-widget-button\" data-id=\"9227aee\" data-element_type=\"widget\" data-widget_type=\"button.default\">\n\t\t\t\t<div class=\"elementor-widget-container\">\n\t\t\t\t\t<div class=\"elementor-button-wrapper\">\n\t\t\t<a href=\"https:\/\/familypointcostabrava.com\/fr\/\" class=\"elementor-button-link elementor-button elementor-size-sm\" role=\"button\">\n\t\t\t\t\t\t<span class=\"elementor-button-content-wrapper\">\n\t\t\t\t\t\t\t<span class=\"elementor-button-icon elementor-align-icon-left\">\n\t\t\t\t<i aria-hidden=\"true\" class=\"fas fa-arrow-left\"><\/i>\t\t\t<\/span>\n\t\t\t\t\t\t<span class=\"elementor-button-text\">Retour en haut<\/span>\n\t\t<\/span>\n\t\t\t\t\t<\/a>\n\t\t<\/div>\n\t\t\t\t<\/div>\n\t\t\t\t<\/div>\n\t\t\t\t\t<\/div>\n\t\t\t\t<\/div>\n\t\t<div class=\"elementor-element elementor-element-4dfd1e9 e-con-full e-con\" data-id=\"4dfd1e9\" data-element_type=\"container\" data-settings=\"{&quot;content_width&quot;:&quot;full&quot;,&quot;background_background&quot;:&quot;classic&quot;}\">\n\t\t<div class=\"elementor-element elementor-element-77175f2 e-con-boxed e-con\" data-id=\"77175f2\" data-element_type=\"container\" data-settings=\"{&quot;content_width&quot;:&quot;boxed&quot;}\">\n\t\t\t\t\t<div class=\"e-con-inner\">\n\t\t\t\t<div class=\"elementor-element elementor-element-33c240c elementor-widget elementor-widget-heading\" data-id=\"33c240c\" data-element_type=\"widget\" data-widget_type=\"heading.default\">\n\t\t\t\t<div class=\"elementor-widget-container\">\n\t\t\t<style>\/*! elementor - v3.9.0 - 06-12-2022 *\/\n.elementor-heading-title{padding:0;margin:0;line-height:1}.elementor-widget-heading .elementor-heading-title[class*=elementor-size-]>a{color:inherit;font-size:inherit;line-height:inherit}.elementor-widget-heading .elementor-heading-title.elementor-size-small{font-size:15px}.elementor-widget-heading .elementor-heading-title.elementor-size-medium{font-size:19px}.elementor-widget-heading .elementor-heading-title.elementor-size-large{font-size:29px}.elementor-widget-heading .elementor-heading-title.elementor-size-xl{font-size:39px}.elementor-widget-heading .elementor-heading-title.elementor-size-xxl{font-size:59px}<\/style><h1 class=\"elementor-heading-title elementor-size-default\">Politique de Confidentialit\u00e9<\/h1>\t\t<\/div>\n\t\t\t\t<\/div>\n\t\t\t\t\t<\/div>\n\t\t\t\t<\/div>\n\t\t\t\t<\/div>\n\t\t\t\t<section class=\"elementor-section elementor-top-section elementor-element elementor-element-6df09c5d elementor-section-boxed elementor-section-height-default elementor-section-height-default\" data-id=\"6df09c5d\" data-element_type=\"section\">\n\t\t\t\t\t\t<div class=\"elementor-container elementor-column-gap-default\">\n\t\t\t\t\t<div class=\"elementor-column elementor-col-100 elementor-top-column elementor-element elementor-element-1a5ffd4a\" data-id=\"1a5ffd4a\" data-element_type=\"column\">\n\t\t\t<div class=\"elementor-widget-wrap elementor-element-populated\">\n\t\t\t\t\t\t\t\t<div class=\"elementor-element elementor-element-3ae07717 elementor-widget elementor-widget-text-editor\" data-id=\"3ae07717\" data-element_type=\"widget\" data-widget_type=\"text-editor.default\">\n\t\t\t\t<div class=\"elementor-widget-container\">\n\t\t\t<style>\/*! elementor - v3.9.0 - 06-12-2022 *\/\n.elementor-widget-text-editor.elementor-drop-cap-view-stacked .elementor-drop-cap{background-color:#818a91;color:#fff}.elementor-widget-text-editor.elementor-drop-cap-view-framed .elementor-drop-cap{color:#818a91;border:3px solid;background-color:transparent}.elementor-widget-text-editor:not(.elementor-drop-cap-view-default) .elementor-drop-cap{margin-top:8px}.elementor-widget-text-editor:not(.elementor-drop-cap-view-default) .elementor-drop-cap-letter{width:1em;height:1em}.elementor-widget-text-editor .elementor-drop-cap{float:left;text-align:center;line-height:1;font-size:50px}.elementor-widget-text-editor .elementor-drop-cap-letter{display:inline-block}<\/style>\t\t\t\t<h3>1. <strong>Donn\u00e9es relatives au Responsable<\/strong><\/h3><p><strong>Responsable du traitement<\/strong><\/p><ul><li>Entit\u00e9: <strong>VISET TOURISTIC SL<\/strong><\/li><li>CIF de l&#039;entit\u00e9 : <strong>B75375865<\/strong><\/li><li>Adresse de l&#039;entit\u00e9 : <strong>Rue Segre, 4-6, 17430, Santa Coloma de Farners, G\u00e9rone<\/strong><\/li><li>Courriel de l&#039;entit\u00e9\u00a0: <strong><a rel=\"noopener\">info@familypointcostabrava.com<\/a><\/strong><\/li><li>Responsable du traitement : <strong>TOURISTIQUE VISET SL2<\/strong><\/li><li>Num\u00e9ro de t\u00e9l\u00e9phone du Responsable du traitement : <strong>640 53 48 15<\/strong><\/li><li>Adresse \u00e9lectronique du responsable du traitement : <strong><a rel=\"noopener\">info@familypointcostabrava.com<\/a><\/strong><\/li><\/ul><hr \/><h3>\u00a0<\/h3><h3>2. <strong>Objectifs<\/strong><\/h3><p>Conform\u00e9ment \u00e0 la <strong>R\u00e8glement europ\u00e9en 2016\/679 R\u00e8glement g\u00e9n\u00e9ral sur la protection des donn\u00e9es<\/strong> et le <strong>Loi organique 3\/2018 sur la protection des donn\u00e9es personnelles et la garantie des droits num\u00e9riques<\/strong>, nous vous informons que, en fonction de la relation que vous entretenez avec nous, en <strong>VISET TOURISTIC SL<\/strong> Nous traitons les donn\u00e9es que vous nous fournissez pour tout ou partie des finalit\u00e9s suivantes :<\/p><ul><li><strong>Consultation en ligne<\/strong><\/li><li><strong>Envoi d&#039;informations r\u00e9ciproques via la plateforme WhatsApp<\/strong>, sans que le Responsable du traitement puisse s&#039;assurer que cette plateforme prend des mesures de s\u00e9curit\u00e9 et effectue des traitements conform\u00e9ment au RGPD et \u00e0 la LOPDGDD.<\/li><li><strong>Informations sur les cookies<\/strong>.<\/li><li><strong>Vous fournir un service<\/strong>.<\/li><li><strong>R\u00e9servations<\/strong>.<\/li><\/ul><hr \/><h3>\u00a0<\/h3><h3>3. <strong>Dur\u00e9e de conservation des donn\u00e9es<\/strong><\/h3><p>Vos donn\u00e9es seront conserv\u00e9es pendant une dur\u00e9e d\u00e9termin\u00e9e. <strong>ind\u00e9fini<\/strong>. Si vous avez besoin de son \u00e9limination \u00e0 l&#039;avance, vous pouvez la demander en exer\u00e7ant le <strong>droit de suppression<\/strong>. De m\u00eame, les donn\u00e9es qui, pour des raisons juridiques, doivent \u00eatre conserv\u00e9es pendant une p\u00e9riode de temps n\u00e9cessaire pour se conformer \u00e0 des r\u00e9glementations sp\u00e9cifiques seront <strong>bloqu\u00e9<\/strong> et ne seront accessibles qu&#039;\u00e0 l&#039;autorit\u00e9 publique comp\u00e9tente.<\/p><hr \/><h3>\u00a0<\/h3><h3>4. <strong>L\u00e9gitimation<\/strong><\/h3><p>La base juridique du traitement de vos donn\u00e9es est :<\/p><ul><li><strong>Consentement sans \u00e9quivoque<\/strong>.<\/li><\/ul><hr \/><h3>\u00a0<\/h3><h3>5. <strong>Destinataires<\/strong><\/h3><p>Vos donn\u00e9es personnelles peuvent \u00eatre communiqu\u00e9es \u00e0 des tiers dans les cas suivants :<\/p><ul><li><strong>Administration fiscale<\/strong>.<\/li><li><strong>Banques et institutions financi\u00e8res<\/strong>.<\/li><li><strong>Forces et organismes de s\u00e9curit\u00e9 de l&#039;\u00c9tat<\/strong>.<\/li><li><strong>Entit\u00e9s de conseil\/audit<\/strong>.<\/li><li><strong>Maintenance logicielle et mat\u00e9rielle des entit\u00e9s informatiques<\/strong>.<\/li><li><strong>Gestion\/Conseil<\/strong>.<\/li><\/ul><hr \/><h3>\u00a0<\/h3><h3>6. <strong>Droits<\/strong><\/h3><p>Vous avez le droit de :<\/p><ul><li>Obtenez la confirmation si vous souhaitez <strong>VISET TOURISTIC SL<\/strong> Nous traitons des donn\u00e9es personnelles qui peuvent ou non vous concerner.<\/li><li>Acc\u00e9dez \u00e0 vos donn\u00e9es personnelles, ainsi que demandez la <strong>rectification<\/strong> de donn\u00e9es inexactes ou, le cas \u00e9ch\u00e9ant, demander leur rectification <strong>effacement<\/strong> lorsque, entre autres raisons, les donn\u00e9es ne sont plus n\u00e9cessaires aux finalit\u00e9s pour lesquelles elles ont \u00e9t\u00e9 collect\u00e9es.<\/li><li>Dans certaines circonstances, vous pouvez demander la <strong>limitation du traitement<\/strong> de vos donn\u00e9es, dans ce cas nous les conserverons uniquement pour l&#039;exercice ou la d\u00e9fense de r\u00e9clamations.<\/li><li>En outre, dans certaines circonstances et pour des raisons li\u00e9es \u00e0 votre situation particuli\u00e8re, vous pouvez exercer le droit de<strong>opposition au traitement<\/strong> de vos donn\u00e9es. <strong>VISET TOURISTIC SL<\/strong> cessera de traiter les donn\u00e9es, sauf pour des raisons l\u00e9gitimes imp\u00e9rieuses, ou pour l&#039;exercice ou la d\u00e9fense d&#039;\u00e9ventuelles r\u00e9clamations.<\/li><li>Vous pouvez \u00e9galement exercer le droit de <strong>portabilit\u00e9<\/strong> des donn\u00e9es, ainsi que de r\u00e9voquer \u00e0 tout moment les consentements fournis, sans que cela n&#039;affecte la l\u00e9galit\u00e9 du traitement bas\u00e9 sur le consentement pr\u00e9alable \u00e0 son retrait.<\/li><\/ul><p>Si vous souhaitez exercer l&#039;un de vos droits, vous pouvez le faire via les liens activ\u00e9s que vous trouverez ci-dessous :<\/p><ul><li>Pour exercer votre droit \u00e0<strong>Acc\u00e9der<\/strong> faire <a href=\"https:\/\/intranet.laboralrgpd.com\/webApp\/clientes_derechos\/derechos-formulario.php?id_cliente=UjBSZjBsY2JKZStYUjB5SFY4UUZzZz09\" target=\"_blank\" rel=\"noopener\">Cliquez ici<\/a><\/li><li>Pour exercer votre droit \u00e0 <strong>Rectification<\/strong> <a href=\"https:\/\/intranet.laboralrgpd.com\/webApp\/clientes_derechos\/derechos-formulario.php?id_cliente=UjBSZjBsY2JKZStYUjB5SFY4UUZzZz09\" target=\"_blank\" rel=\"noopener\">Cliquez ici<\/a><\/li><li>Pour exercer votre droit \u00e0 <strong>Suppression (oubli)<\/strong> faire <a href=\"https:\/\/intranet.laboralrgpd.com\/webApp\/clientes_derechos\/derechos-formulario.php?id_cliente=UjBSZjBsY2JKZStYUjB5SFY4UUZzZz09\" target=\"_blank\" rel=\"noopener\">Cliquez ici<\/a><\/li><li>Pour exercer votre droit \u00e0 <strong>Limitation du traitement<\/strong> faire <a href=\"https:\/\/intranet.laboralrgpd.com\/webApp\/clientes_derechos\/derechos-formulario.php?id_cliente=UjBSZjBsY2JKZStYUjB5SFY4UUZzZz09\" target=\"_blank\" rel=\"noopener\">Cliquez ici<\/a><\/li><li>Pour exercer votre droit \u00e0<strong>Opposition<\/strong> faire <a href=\"https:\/\/intranet.laboralrgpd.com\/webApp\/clientes_derechos\/derechos-formulario.php?id_cliente=UjBSZjBsY2JKZStYUjB5SFY4UUZzZz09\" target=\"_blank\" rel=\"noopener\">Cliquez ici<\/a><\/li><li>Pour exercer votre droit \u00e0 <strong>Portabilit\u00e9<\/strong> <a href=\"https:\/\/intranet.laboralrgpd.com\/webApp\/clientes_derechos\/derechos-formulario.php?id_cliente=UjBSZjBsY2JKZStYUjB5SFY4UUZzZz09\" target=\"_blank\" rel=\"noopener\">Cliquez ici<\/a><\/li><\/ul><p>Alternativement, vous pouvez \u00e9galement nous contacter par courrier postal \u00e0 l&#039;adresse suivante :<br \/><strong>Rue Roura, 23, 17250, Castell-Platja d&#039;Aro, G\u00e9rone<\/strong>, en joignant une photocopie de votre pi\u00e8ce d&#039;identit\u00e9, afin de garantir votre identit\u00e9. N&#039;oubliez pas de fournir le plus d&#039;informations possible concernant votre demande : Nom et pr\u00e9nom, adresse email que vous utilisez pour le compte ou le portail faisant l&#039;objet de votre demande.<\/p><p>Enfin, nous vous informons que vous pouvez contacter le<strong>Agence espagnole de protection des donn\u00e9es<\/strong> et d&#039;autres organismes publics comp\u00e9tents pour toute r\u00e9clamation d\u00e9coulant du traitement de vos donn\u00e9es personnelles.<\/p><p>\u00a0<\/p><hr \/><h3>\u00a0<\/h3><h3>7. <strong>Politique de cookies<\/strong><\/h3><p>Pour en savoir plus sur les cookies que nous utilisons sur notre page, n&#039;oubliez pas que vous pouvez acc\u00e9der \u00e0 notre <strong>Politique de cookies<\/strong> via le lien suivant : <a href=\"https:\/\/intranet.laboralrgpd.com\/politicaCookies\/index.php?sid=UjBSZjBsY2JKZStYUjB5SFY4UUZzZz09\" target=\"_blank\" rel=\"noopener\"><strong>politique de cookies<\/strong>.<\/a><\/p>\t\t\t\t\t\t<\/div>\n\t\t\t\t<\/div>\n\t\t\t\t<div class=\"elementor-element elementor-element-6a184bb elementor-align-left elementor-widget__width-initial elementor-widget elementor-widget-button\" data-id=\"6a184bb\" data-element_type=\"widget\" data-widget_type=\"button.default\">\n\t\t\t\t<div class=\"elementor-widget-container\">\n\t\t\t\t\t<div class=\"elementor-button-wrapper\">\n\t\t\t<a href=\"https:\/\/familypointcostabrava.com\/fr\/\" class=\"elementor-button-link elementor-button elementor-size-sm\" role=\"button\">\n\t\t\t\t\t\t<span class=\"elementor-button-content-wrapper\">\n\t\t\t\t\t\t\t<span class=\"elementor-button-icon elementor-align-icon-left\">\n\t\t\t\t<i aria-hidden=\"true\" class=\"fas fa-arrow-left\"><\/i>\t\t\t<\/span>\n\t\t\t\t\t\t<span class=\"elementor-button-text\">Retour en haut<\/span>\n\t\t<\/span>\n\t\t\t\t\t<\/a>\n\t\t<\/div>\n\t\t\t\t<\/div>\n\t\t\t\t<\/div>\n\t\t\t\t\t<\/div>\n\t\t<\/div>\n\t\t\t\t\t\t\t<\/div>\n\t\t<\/section>\n\t\t\t\t\t\t\t<\/div>","protected":false},"excerpt":{"rendered":"<p>Retour en haut de la page 1. Donn\u00e9es relatives au Responsable du traitement Entit\u00e9 : VISET TUR\u00cdSTIC SL CIF de l&#039;entit\u00e9 : B75375865 Adresse de l&#039;entit\u00e9 : Carrer Segre, 4-6, 17430, Santa Coloma de Farners, Girona Courriel de l&#039;entit\u00e9 : info@familypointcostabrava.com Responsable du traitement : VISET TUR\u00cdSTIC SL2 Num\u00e9ro de t\u00e9l\u00e9phone du responsable du traitement : 640 53 48 15 Adresse \u00e9lectronique du responsable du traitement [\u2026]<\/p>","protected":false},"author":1,"featured_media":0,"parent":0,"menu_order":0,"comment_status":"closed","ping_status":"open","template":"elementor_canvas","meta":{"footnotes":""},"class_list":["post-3","page","type-page","status-publish","hentry"],"_links":{"self":[{"href":"https:\/\/familypointcostabrava.com\/fr\/wp-json\/wp\/v2\/pages\/3","targetHints":{"allow":["GET"]}}],"collection":[{"href":"https:\/\/familypointcostabrava.com\/fr\/wp-json\/wp\/v2\/pages"}],"about":[{"href":"https:\/\/familypointcostabrava.com\/fr\/wp-json\/wp\/v2\/types\/page"}],"author":[{"embeddable":true,"href":"https:\/\/familypointcostabrava.com\/fr\/wp-json\/wp\/v2\/users\/1"}],"replies":[{"embeddable":true,"href":"https:\/\/familypointcostabrava.com\/fr\/wp-json\/wp\/v2\/comments?post=3"}],"version-history":[{"count":51,"href":"https:\/\/familypointcostabrava.com\/fr\/wp-json\/wp\/v2\/pages\/3\/revisions"}],"predecessor-version":[{"id":717,"href":"https:\/\/familypointcostabrava.com\/fr\/wp-json\/wp\/v2\/pages\/3\/revisions\/717"}],"wp:attachment":[{"href":"https:\/\/familypointcostabrava.com\/fr\/wp-json\/wp\/v2\/media?parent=3"}],"curies":[{"name":"wp","href":"https:\/\/api.w.org\/{rel}","templated":true}]}}