{"id":230,"date":"2022-12-20T09:40:25","date_gmt":"2022-12-20T08:40:25","guid":{"rendered":"http:\/\/familypointcostabrava.com\/?page_id=230"},"modified":"2025-02-06T15:46:17","modified_gmt":"2025-02-06T14:46:17","slug":"avis-legal","status":"publish","type":"page","link":"https:\/\/familypointcostabrava.com\/fr\/avis-legal\/","title":{"rendered":"Avis juridique"},"content":{"rendered":"<div data-elementor-type=\"wp-page\" data-elementor-id=\"230\" class=\"elementor elementor-230\">\n\t\t\t\t\t\t\t<div class=\"elementor-element elementor-element-6afc592 e-con-boxed e-con\" data-id=\"6afc592\" data-element_type=\"container\" data-settings=\"{&quot;background_background&quot;:&quot;classic&quot;,&quot;content_width&quot;:&quot;boxed&quot;}\">\n\t\t\t\t\t<div class=\"e-con-inner\">\n\t\t\t\t<div class=\"elementor-element elementor-element-004228f elementor-widget__width-initial elementor-view-default elementor-widget elementor-widget-icon\" data-id=\"004228f\" data-element_type=\"widget\" data-widget_type=\"icon.default\">\n\t\t\t\t<div class=\"elementor-widget-container\">\n\t\t\t\t\t<div class=\"elementor-icon-wrapper\">\n\t\t\t<a class=\"elementor-icon\" href=\"https:\/\/familypointcostabrava.com\/fr\/\">\n\t\t\t<svg xmlns=\"http:\/\/www.w3.org\/2000\/svg\" id=\"Capa_2\" data-name=\"Capa 2\" width=\"529.459\" height=\"108.834\" viewbox=\"0 0 529.459 108.834\"><defs><style>      .cls-1 {        fill: #fff;      }    <\/style><\/defs><g id=\"Capa_1-2\" data-name=\"Capa 1\"><g><g><path class=\"cls-1\" d=\"m0,31.402h49.164v11.061H11.676v22.124h30.727v11.062H11.676v33.185H0V31.402Z\"><\/path><path class=\"cls-1\" d=\"m77.434,31.402h9.832l29.498,77.432h-12.291l-6.76-17.821h-30.727l-6.76,17.821h-12.291l29.498-77.432Zm15.978,48.549l-11.062-30.727-11.062,30.727h22.124Z\"><\/path><path class=\"cls-1\" d=\"m236.575,31.738h11.676v77.097h-11.676V31.738Z\"><\/path><path class=\"cls-1\" d=\"m272.161,31.738h11.626v66.083h36.713v11.014h-48.339V31.738Z\"><\/path><path class=\"cls-1\" d=\"m336.805,78.386l-24.582-47.32h12.291l17.822,35.029h.614l17.822-35.029h12.291l-24.582,47.32v30.112h-11.676v-30.112Z\"><\/path><\/g><circle class=\"cls-1\" cx=\"171.136\" cy=\"32.205\" r=\"8.573\"><\/circle><circle class=\"cls-1\" cx=\"135.772\" cy=\"8.573\" r=\"8.573\"><\/circle><circle class=\"cls-1\" cx=\"209.131\" cy=\"8.573\" r=\"8.573\"><\/circle><path class=\"cls-1\" d=\"m208.512,25.378c-5.705-2.038-11.869-.327-15.707,4.358l-21.105,25.762-20.53-24.774c-3.853-4.649-10.011-6.33-15.694-4.282-5.68,2.048-9.351,7.273-9.351,13.311v69.083h11.401V39.751c0-1.743,1.27-2.389,1.817-2.586.546-.197,1.937-.51,3.049.832l21.948,26.485-6.725,8.209.039.032c-2.162,2.67-3.49,5.712-3.952,9.072-.655,4.765.45,9.325,3.194,13.185,3.495,4.914,8.541,7.627,14.593,7.846.234.008.466.013.698.013,3.792,0,7.308-1.131,10.459-3.366,4.253-3.016,6.897-7.321,7.645-12.452.822-5.633-.667-10.709-4.306-14.679l-.895-.977c-.892-.974-1.795-1.958-2.703-2.941l.013-.011-3.291-3.971,22.513-27.48c1.108-1.353,2.503-1.042,3.051-.847.549.196,1.824.841,1.824,2.589v70.132h11.401V38.702c0-6.056-3.685-11.287-9.388-13.324Zm-29.501,59.997c-.299,2.054-1.24,3.579-2.958,4.798-1.273.903-2.634,1.315-4.151,1.26-2.511-.091-4.274-1.034-5.714-3.059-1.076-1.513-1.455-3.11-1.191-5.026.22-1.597.923-2.938,2.213-4.219,1.274-1.265,3.174-3.223,4.903-5.021,1.533,1.639,3.066,3.312,4.572,4.956l.898.981c.817.892,1.855,2.414,1.429,5.331Z\"><\/path><g><path class=\"cls-1\" d=\"m387.979,31.05h4.042l1.244,2.799c.56-.56,1.182-1.119,1.928-1.555,1.306-.746,3.359-1.555,6.157-1.555,7.464,0,13.371,5.908,13.371,14.304s-5.908,14.304-13.371,14.304c-2.674,0-4.54-.746-5.846-1.555-.746-.435-1.368-.995-1.928-1.555v12.749h-5.597V31.05Zm21.145,13.993c0-5.286-3.794-9.018-8.085-9.018s-8.085,3.731-8.085,9.018,3.794,9.017,8.085,9.017,8.085-3.731,8.085-9.017Z\"><\/path><path class=\"cls-1\" d=\"m423.738,45.042c0-8.396,5.908-14.304,13.371-14.304s13.37,5.908,13.37,14.304-5.908,14.304-13.37,14.304-13.371-5.908-13.371-14.304Zm21.145,0c0-5.286-3.731-9.018-7.774-9.018s-7.775,3.731-7.775,9.018,3.731,9.017,7.775,9.017,7.774-3.731,7.774-9.017Z\"><\/path><path class=\"cls-1\" d=\"m467.27,23.276c0,1.928-1.492,3.421-3.42,3.421s-3.421-1.493-3.421-3.421,1.492-3.42,3.421-3.42,3.42,1.493,3.42,3.42Zm-6.218,7.774h5.597v27.986h-5.597v-27.986Z\"><\/path><path class=\"cls-1\" d=\"m478.775,31.05h4.042l1.244,2.799c.56-.56,1.182-1.119,1.928-1.555,1.306-.746,3.359-1.555,6.157-1.555,6.219,0,11.195,4.975,11.195,12.127v16.169h-5.598v-16.169c0-3.669-3.047-6.841-6.53-6.841-3.793,0-6.841,3.172-6.841,6.841v16.169h-5.597v-27.986Z\"><\/path><path class=\"cls-1\" d=\"m517.643,36.336h-4.975v-5.286h2.177c2.176,0,3.731-1.555,3.731-3.731v-3.731h4.664v7.463h6.219v5.286h-6.219v13.371c0,2.487,1.866,4.353,4.353,4.353.436,0,.871-.062,1.306-.124l.56-.187v4.975c-.249.124-.56.249-.871.311-.622.186-1.368.311-2.239.311-4.976,0-8.707-3.731-8.707-9.639v-13.371Z\"><\/path><\/g><\/g><\/g><\/svg>\t\t\t<\/a>\n\t\t<\/div>\n\t\t\t\t<\/div>\n\t\t\t\t<\/div>\n\t\t\t\t<div class=\"elementor-element elementor-element-daefd16 elementor-align-right elementor-widget__width-initial elementor-widget elementor-widget-button\" data-id=\"daefd16\" data-element_type=\"widget\" data-widget_type=\"button.default\">\n\t\t\t\t<div class=\"elementor-widget-container\">\n\t\t\t\t\t<div class=\"elementor-button-wrapper\">\n\t\t\t<a href=\"https:\/\/familypointcostabrava.com\/fr\/\" class=\"elementor-button-link elementor-button elementor-size-sm\" role=\"button\">\n\t\t\t\t\t\t<span class=\"elementor-button-content-wrapper\">\n\t\t\t\t\t\t\t<span class=\"elementor-button-icon elementor-align-icon-left\">\n\t\t\t\t<i aria-hidden=\"true\" class=\"fas fa-arrow-left\"><\/i>\t\t\t<\/span>\n\t\t\t\t\t\t<span class=\"elementor-button-text\">Retour en haut<\/span>\n\t\t<\/span>\n\t\t\t\t\t<\/a>\n\t\t<\/div>\n\t\t\t\t<\/div>\n\t\t\t\t<\/div>\n\t\t\t\t\t<\/div>\n\t\t\t\t<\/div>\n\t\t<div class=\"elementor-element elementor-element-18e7c6e e-con-full e-con\" data-id=\"18e7c6e\" data-element_type=\"container\" data-settings=\"{&quot;content_width&quot;:&quot;full&quot;,&quot;background_background&quot;:&quot;classic&quot;}\">\n\t\t<div class=\"elementor-element elementor-element-ef632ee e-con-boxed e-con\" data-id=\"ef632ee\" data-element_type=\"container\" data-settings=\"{&quot;content_width&quot;:&quot;boxed&quot;}\">\n\t\t\t\t\t<div class=\"e-con-inner\">\n\t\t\t\t<div class=\"elementor-element elementor-element-ea94979 elementor-widget elementor-widget-heading\" data-id=\"ea94979\" data-element_type=\"widget\" data-widget_type=\"heading.default\">\n\t\t\t\t<div class=\"elementor-widget-container\">\n\t\t\t<style>\/*! elementor - v3.9.0 - 06-12-2022 *\/\n.elementor-heading-title{padding:0;margin:0;line-height:1}.elementor-widget-heading .elementor-heading-title[class*=elementor-size-]>a{color:inherit;font-size:inherit;line-height:inherit}.elementor-widget-heading .elementor-heading-title.elementor-size-small{font-size:15px}.elementor-widget-heading .elementor-heading-title.elementor-size-medium{font-size:19px}.elementor-widget-heading .elementor-heading-title.elementor-size-large{font-size:29px}.elementor-widget-heading .elementor-heading-title.elementor-size-xl{font-size:39px}.elementor-widget-heading .elementor-heading-title.elementor-size-xxl{font-size:59px}<\/style><h1 class=\"elementor-heading-title elementor-size-default\">Avis juridique<\/h1>\t\t<\/div>\n\t\t\t\t<\/div>\n\t\t\t\t\t<\/div>\n\t\t\t\t<\/div>\n\t\t\t\t<\/div>\n\t\t\t\t<section class=\"elementor-section elementor-top-section elementor-element elementor-element-26233539 elementor-section-boxed elementor-section-height-default elementor-section-height-default\" data-id=\"26233539\" data-element_type=\"section\">\n\t\t\t\t\t\t<div class=\"elementor-container elementor-column-gap-default\">\n\t\t\t\t\t<div class=\"elementor-column elementor-col-100 elementor-top-column elementor-element elementor-element-19c60680\" data-id=\"19c60680\" data-element_type=\"column\">\n\t\t\t<div class=\"elementor-widget-wrap elementor-element-populated\">\n\t\t\t\t\t\t\t\t<div class=\"elementor-element elementor-element-1bc3f13e elementor-widget elementor-widget-text-editor\" data-id=\"1bc3f13e\" data-element_type=\"widget\" data-widget_type=\"text-editor.default\">\n\t\t\t\t<div class=\"elementor-widget-container\">\n\t\t\t<style>\/*! elementor - v3.9.0 - 06-12-2022 *\/\n.elementor-widget-text-editor.elementor-drop-cap-view-stacked .elementor-drop-cap{background-color:#818a91;color:#fff}.elementor-widget-text-editor.elementor-drop-cap-view-framed .elementor-drop-cap{color:#818a91;border:3px solid;background-color:transparent}.elementor-widget-text-editor:not(.elementor-drop-cap-view-default) .elementor-drop-cap{margin-top:8px}.elementor-widget-text-editor:not(.elementor-drop-cap-view-default) .elementor-drop-cap-letter{width:1em;height:1em}.elementor-widget-text-editor .elementor-drop-cap{float:left;text-align:center;line-height:1;font-size:50px}.elementor-widget-text-editor .elementor-drop-cap-letter{display:inline-block}<\/style>\t\t\t\t<!-- wp:heading {\"level\":3} -->\n<h3><strong>1. Objet et acceptation<\/strong><\/h3>\n<p>Cet avis juridique r\u00e9git l&#039;utilisation de notre site Web, qui appartient \u00e0\u00a0<strong>VISET TOURISTIC SL<\/strong>. En parcourant le site Web de <strong>VISET TOURISTIC SL<\/strong>\u00a0attribue la condition d&#039;utilisateur de celui-ci et implique l&#039;acceptation pleine et sans r\u00e9serve de chacune des dispositions incluses dans le pr\u00e9sent Avis L\u00e9gal, qui peuvent subir des modifications. Vous vous engagez \u00e0 faire un usage correct du site Web conform\u00e9ment aux lois, \u00e0 la bonne foi, \u00e0 l&#039;ordre public, aux usages du trafic et aux pr\u00e9sentes\u00a0<strong>Mentions l\u00e9gales<\/strong>. Vous r\u00e9pondrez \u00e0 <strong>VISET TOURISTIC SL<\/strong>\u00a0ou contre des tiers, pour tout dommage qui pourrait \u00eatre caus\u00e9 du fait de la violation de cette obligation.<\/p>\n<p>\u00a0<\/p>\n<h3><strong>2. Identification et communications<\/strong><\/h3>\n<p><strong>VISET TOURISTIC SL<\/strong>, conform\u00e9ment \u00e0 la loi 34\/2002, du 11 juillet, sur les services de la soci\u00e9t\u00e9 de l&#039;information et du commerce \u00e9lectronique, vous informe que :<\/p>\n<ul>\n<li>Sa d\u00e9nomination sociale est : <strong>VISET TOURISTIC SL<\/strong><\/li>\n<li>Votre CIF est :\u00a0<strong>B75375865<\/strong><\/li>\n<li>Son si\u00e8ge social est situ\u00e9 \u00e0 : <strong>Rue Segre, 4-6, 17430, Santa Coloma de Farners, G\u00e9rone<\/strong><\/li>\n<li>Inscription au registre du commerce :<\/li>\n<\/ul>\n<p>Pour communiquer avec nous, nous mettons \u00e0 votre disposition diff\u00e9rents moyens de contact pr\u00e9cis\u00e9s dans la\u00a0<strong>politique de confidentialit\u00e9<\/strong>.<\/p>\n<p>Toutes les notifications et communications que vous faites avec <strong>VISET TOURISTIC SL<\/strong>\u00a0seront consid\u00e9r\u00e9es comme efficaces, \u00e0 toutes fins, pour autant qu&#039;elles soient r\u00e9alis\u00e9es par les moyens sp\u00e9cifi\u00e9s ci-dessus.<\/p>\n<p>\u00a0<\/p>\n<h3><strong>3. Conditions d&#039;acc\u00e8s et d&#039;utilisation<\/strong><\/h3>\n<p>Le site et ses services sont librement accessibles, toutefois, <strong>VISET TOURISTIC SL<\/strong>\u00a0conditionne l&#039;utilisation de certains des services propos\u00e9s sur son site Internet au remplissage pr\u00e9alable du formulaire correspondant.<\/p>\n<p>Vous garantissez l&#039;authenticit\u00e9 et l&#039;actualit\u00e9 de toutes les donn\u00e9es que vous nous communiquez <strong>VISET TOURISTIC SL<\/strong>\u00a0et sera seul responsable de toute d\u00e9claration fausse ou inexacte faite.<\/p>\n<p>Vous vous engagez express\u00e9ment \u00e0 faire un usage appropri\u00e9 du contenu et des services de <strong>VISET TOURISTIC SL<\/strong>\u00a0ne les utilisez plus, entre autres, pour :<\/p>\n<ul>\n<li>Diffuser des contenus \u00e0 caract\u00e8re criminel, violent, pornographique, raciste, x\u00e9nophobe, offensant, faisant l\u2019apologie du terrorisme ou, en g\u00e9n\u00e9ral, contraires \u00e0 la loi ou \u00e0 l\u2019ordre public.<\/li>\n<li>Introduire des virus informatiques dans le r\u00e9seau ou effectuer des actions susceptibles d&#039;alt\u00e9rer, d&#039;alt\u00e9rer, d&#039;interrompre ou de g\u00e9n\u00e9rer des erreurs ou des dommages aux documents \u00e9lectroniques, aux donn\u00e9es ou aux syst\u00e8mes physiques et logiques de <strong>VISITE TOURISTIQUE S<\/strong><strong>L<\/strong> ou des tiers ; ainsi que d&#039;entraver l&#039;acc\u00e8s des autres utilisateurs au site Web et \u00e0 ses services par la consommation massive de ressources informatiques par lesquelles <strong>VISET TOURISTIC SL<\/strong>\u00a0fournit ses services.<\/li>\n<li>Tenter d&#039;acc\u00e9der aux donn\u00e9es d&#039;autres personnes ou \u00e0 des zones restreintes de syst\u00e8mes informatiques <strong>VISET TOURISTIC SL<\/strong>\u00a0ou \u00e0 des tiers et, le cas \u00e9ch\u00e9ant, en extraire des informations.<\/li>\n<li>Violer les droits de propri\u00e9t\u00e9 intellectuelle ou industrielle, ainsi que violer la confidentialit\u00e9 des informations <strong>VISET TOURISTIC SL<\/strong>\u00a0ou des tiers.<\/li>\n<li>Usurper l\u2019identit\u00e9 d\u2019un autre utilisateur, des administrations publiques ou d\u2019un tiers.<\/li>\n<li>Reproduire, copier, distribuer, mettre \u00e0 disposition ou de toute autre mani\u00e8re communiquer publiquement, transformer ou modifier le contenu, sauf si vous disposez de l&#039;autorisation du titulaire des droits correspondants ou si cela est l\u00e9galement autoris\u00e9.<\/li>\n<li>Collecter des donn\u00e9es \u00e0 des fins publicitaires et pour envoyer de la publicit\u00e9 de toute nature et des communications \u00e0 des fins de vente ou \u00e0 d&#039;autres fins commerciales sans votre demande ou consentement pr\u00e9alable.<\/li>\n<\/ul>\n<p>Tous les contenus du site Web, tels que les textes, photographies, graphiques, images, ic\u00f4nes, technologie, logiciels, ainsi que sa conception graphique et ses codes sources, constituent une \u0153uvre dont la propri\u00e9t\u00e9 appartient \u00e0 <strong>VISET TOURISTIC SL<\/strong>, sans qu&#039;aucun droit d&#039;exploitation sur ceux-ci ne soit entendu comme \u00e9tant transf\u00e9r\u00e9 au-del\u00e0 de ce qui est strictement n\u00e9cessaire \u00e0 l&#039;utilisation correcte du site.<\/p>\n<p>En bref, vous qui acc\u00e9dez \u00e0 ce site Web pouvez visualiser le contenu et, le cas \u00e9ch\u00e9ant, faire des copies priv\u00e9es autoris\u00e9es \u00e0 condition que les \u00e9l\u00e9ments reproduits ne soient pas ult\u00e9rieurement c\u00e9d\u00e9s \u00e0 des tiers, ni install\u00e9s sur des serveurs connect\u00e9s \u00e0 des r\u00e9seaux, ni fassent l&#039;objet d&#039;aucun type d&#039;exploitation.<\/p>\n<p>De m\u00eame, toutes les marques, noms commerciaux ou signes distinctifs de toute nature apparaissant sur le site sont la propri\u00e9t\u00e9 de <strong>VISET TOURISTIC SL<\/strong>, sans qu&#039;il soit entendu que l&#039;utilisation ou l&#039;acc\u00e8s \u00e0 celles-ci vous conf\u00e8re un quelconque droit sur celles-ci.<\/p>\n<p>La distribution, la modification, la cession ou la communication publique des contenus et tout autre acte qui n&#039;a pas \u00e9t\u00e9 express\u00e9ment autoris\u00e9 par le titulaire des droits d&#039;exploitation sont interdits.<\/p>\n<p>L&#039;\u00e9tablissement d&#039;un lien hypertexte n&#039;implique en aucun cas l&#039;existence de relations entre <strong>VISET TOURISTIC SL<\/strong>\u00a0et le propri\u00e9taire du site Web sur lequel il est \u00e9tabli, ni l&#039;acceptation et l&#039;approbation par <strong>VISET TOURISTIC SL<\/strong>\u00a0de son contenu ou de ses services. Les personnes qui souhaitent \u00e9tablir un lien hypertexte doivent au pr\u00e9alable demander une autorisation \u00e9crite \u00e0 <strong>VISET TOURISTIC SL<\/strong>. Dans tous les cas, le lien hypertexte permettra uniquement l&#039;acc\u00e8s \u00e0 la page d&#039;accueil ou \u00e0 la page d&#039;accueil de notre site Web, et vous devez \u00e9galement vous abstenir de faire des d\u00e9clarations ou des indications fausses, inexactes ou incorrectes sur <strong>VISET TOURISTIC SL<\/strong>, ou comporter des contenus illicites, contraires aux bonnes m\u0153urs et \u00e0 l\u2019ordre public.<\/p>\n<p><strong>VISET TOURISTIC SL<\/strong> n&#039;est pas responsable de l&#039;utilisation que chaque utilisateur fait des mat\u00e9riaux mis \u00e0 disposition sur ce site Web ou des actions qu&#039;il entreprend sur la base de ceux-ci.<\/p>\n<p>\u00a0<\/p>\n<h3><strong>4. Exclusion de garanties et de responsabilit\u00e9<\/strong><\/h3>\n<p><strong>VISET TOURISTIC SL<\/strong> exclut, dans la mesure permise par la loi, toute responsabilit\u00e9 pour les dommages de toute nature d\u00e9coulant :<\/p>\n<ul>\n<li>L&#039;impossibilit\u00e9 d&#039;acc\u00e9der au site Web ou le manque de v\u00e9racit\u00e9, d&#039;exactitude, d&#039;exhaustivit\u00e9 et\/ou d&#039;actualit\u00e9 des contenus, ainsi que l&#039;existence de d\u00e9fauts et de vices de toute nature dans les contenus transmis, diffus\u00e9s, stock\u00e9s, mis \u00e0 disposition qui ont \u00e9t\u00e9 consult\u00e9s via le site Web ou les services offerts.<\/li>\n<li>La pr\u00e9sence de virus ou d\u2019autres \u00e9l\u00e9ments dans le contenu pouvant entra\u00eener des alt\u00e9rations des syst\u00e8mes informatiques, des documents \u00e9lectroniques ou des donn\u00e9es de l\u2019utilisateur.<\/li>\n<li>Le non-respect des lois, de la bonne foi, de l&#039;ordre public, des usages du trafic et de la pr\u00e9sente notice l\u00e9gale en cons\u00e9quence d&#039;une utilisation incorrecte du site Web. En particulier, et \u00e0 titre d\u2019exemple, <strong>VISET TOURISTIC SL<\/strong>\u00a0n&#039;est pas responsable des actions de tiers qui violent les droits de propri\u00e9t\u00e9 intellectuelle et industrielle, les secrets d&#039;affaires, les droits \u00e0 l&#039;honneur, \u00e0 la vie priv\u00e9e et familiale et \u00e0 sa propre image, ainsi que les r\u00e9glementations sur la concurrence d\u00e9loyale et la publicit\u00e9 illicite.<\/li>\n<\/ul>\n<p>Aussi, <strong>VISET TOURISTIC SL<\/strong> d\u00e9cline toute responsabilit\u00e9 concernant les informations qui se trouvent en dehors de ce site et qui ne sont pas g\u00e9r\u00e9es directement par notre webmaster. La fonction des liens qui apparaissent sur ce site Web est exclusivement d&#039;informer l&#039;utilisateur de l&#039;existence d&#039;autres sources susceptibles d&#039;\u00e9largir le contenu propos\u00e9 par ce site Web. <strong>VISET TOURISTIC SL<\/strong> ne garantit ni n&#039;assume aucune responsabilit\u00e9 quant au fonctionnement ou \u00e0 l&#039;accessibilit\u00e9 des sites li\u00e9s ; et ne sugg\u00e8re, n&#039;invite ou ne recommande pas une visite chez eux, de sorte qu&#039;il ne sera pas responsable du r\u00e9sultat obtenu. <strong>VISET TOURISTIC SL<\/strong>\u00a0n&#039;est pas responsable de l&#039;\u00e9tablissement de liens hypertextes par des tiers.<\/p>\n<p>\u00a0<\/p>\n<h3><strong>5. Proc\u00e9dure en cas d&#039;exercice d&#039;activit\u00e9s ill\u00e9gales<\/strong><\/h3>\n<p>Dans le cas o\u00f9 vous ou un tiers estimez qu&#039;il existe des faits ou des circonstances r\u00e9v\u00e9lant le caract\u00e8re illicite de l&#039;utilisation de tout contenu et\/ou de la r\u00e9alisation de toute activit\u00e9 sur les pages Web incluses ou accessibles via le site Web, vous devez contacter <strong>VISET TOURISTIC SL<\/strong>\u00a0en s&#039;identifiant d\u00fbment, en pr\u00e9cisant les violations pr\u00e9sum\u00e9es et en d\u00e9clarant express\u00e9ment et sous leur responsabilit\u00e9 que les informations fournies dans la notification sont exactes.<\/p>\n<p>Pour toute question litigieuse concernant le site Internet de <strong>VISET TOURISTIC SL<\/strong>La l\u00e9gislation espagnole sera appliqu\u00e9e, les tribunaux les plus proches du si\u00e8ge de (l&#039;Espagne) \u00e9tant comp\u00e9tents.<\/p>\n<p>\u00a0<\/p>\n<h3><strong>6. Publications<\/strong><\/h3>\n<p>Les informations administratives fournies \u00e0 travers le site web ne remplacent pas la publicit\u00e9 l\u00e9gale des lois, r\u00e8glements, plans, dispositions g\u00e9n\u00e9rales et actes qui doivent \u00eatre formellement publi\u00e9s dans les journaux officiels des administrations publiques, qui constituent le seul instrument attestant de leur authenticit\u00e9 et de leur contenu. Les informations disponibles sur ce site doivent \u00eatre comprises comme un guide sans aucune validit\u00e9 juridique.<\/p>\n<!-- \/wp:paragraph -->\t\t\t\t\t\t<\/div>\n\t\t\t\t<\/div>\n\t\t\t\t<div class=\"elementor-element elementor-element-d36fd44 elementor-align-left elementor-widget__width-initial elementor-widget elementor-widget-button\" data-id=\"d36fd44\" data-element_type=\"widget\" data-widget_type=\"button.default\">\n\t\t\t\t<div class=\"elementor-widget-container\">\n\t\t\t\t\t<div class=\"elementor-button-wrapper\">\n\t\t\t<a href=\"https:\/\/familypointcostabrava.com\/fr\/\" class=\"elementor-button-link elementor-button elementor-size-sm\" role=\"button\">\n\t\t\t\t\t\t<span class=\"elementor-button-content-wrapper\">\n\t\t\t\t\t\t\t<span class=\"elementor-button-icon elementor-align-icon-left\">\n\t\t\t\t<i aria-hidden=\"true\" class=\"fas fa-arrow-left\"><\/i>\t\t\t<\/span>\n\t\t\t\t\t\t<span class=\"elementor-button-text\">Retour en haut<\/span>\n\t\t<\/span>\n\t\t\t\t\t<\/a>\n\t\t<\/div>\n\t\t\t\t<\/div>\n\t\t\t\t<\/div>\n\t\t\t\t\t<\/div>\n\t\t<\/div>\n\t\t\t\t\t\t\t<\/div>\n\t\t<\/section>\n\t\t\t\t\t\t\t<\/div>","protected":false},"excerpt":{"rendered":"<p>Retour en haut 1. Objet et acceptation Cet avis juridique r\u00e9git l&#039;utilisation de notre site Web, propri\u00e9t\u00e9 de VISET TUR\u00cdSTIC SL. La navigation sur le site Web de VISET TUR\u00cdSTIC SL attribue la condition d\u2019utilisateur de celui-ci et implique l\u2019acceptation pleine et sans r\u00e9serve de chacune des [\u2026]<\/p>","protected":false},"author":1,"featured_media":0,"parent":0,"menu_order":0,"comment_status":"closed","ping_status":"closed","template":"elementor_canvas","meta":{"footnotes":""},"class_list":["post-230","page","type-page","status-publish","hentry"],"_links":{"self":[{"href":"https:\/\/familypointcostabrava.com\/fr\/wp-json\/wp\/v2\/pages\/230","targetHints":{"allow":["GET"]}}],"collection":[{"href":"https:\/\/familypointcostabrava.com\/fr\/wp-json\/wp\/v2\/pages"}],"about":[{"href":"https:\/\/familypointcostabrava.com\/fr\/wp-json\/wp\/v2\/types\/page"}],"author":[{"embeddable":true,"href":"https:\/\/familypointcostabrava.com\/fr\/wp-json\/wp\/v2\/users\/1"}],"replies":[{"embeddable":true,"href":"https:\/\/familypointcostabrava.com\/fr\/wp-json\/wp\/v2\/comments?post=230"}],"version-history":[{"count":33,"href":"https:\/\/familypointcostabrava.com\/fr\/wp-json\/wp\/v2\/pages\/230\/revisions"}],"predecessor-version":[{"id":698,"href":"https:\/\/familypointcostabrava.com\/fr\/wp-json\/wp\/v2\/pages\/230\/revisions\/698"}],"wp:attachment":[{"href":"https:\/\/familypointcostabrava.com\/fr\/wp-json\/wp\/v2\/media?parent=230"}],"curies":[{"name":"wp","href":"https:\/\/api.w.org\/{rel}","templated":true}]}}