{"id":564,"date":"2024-07-11T14:46:11","date_gmt":"2024-07-11T12:46:11","guid":{"rendered":"https:\/\/familypointcostabrava.com\/?page_id=564"},"modified":"2025-02-06T14:48:11","modified_gmt":"2025-02-06T13:48:11","slug":"consentiment-inequivoc","status":"publish","type":"page","link":"https:\/\/familypointcostabrava.com\/es\/consentiment-inequivoc\/","title":{"rendered":"Consentimiento inequ\u00edvoco"},"content":{"rendered":"<div data-elementor-type=\"wp-page\" data-elementor-id=\"564\" class=\"elementor elementor-564\">\n\t\t\t\t\t\t\t<div class=\"elementor-element elementor-element-a71e849 e-con-boxed e-con\" data-id=\"a71e849\" data-element_type=\"container\" data-settings=\"{&quot;background_background&quot;:&quot;classic&quot;,&quot;content_width&quot;:&quot;boxed&quot;}\">\n\t\t\t\t\t<div class=\"e-con-inner\">\n\t\t\t\t<div class=\"elementor-element elementor-element-5c5d3be elementor-widget__width-initial elementor-view-default elementor-widget elementor-widget-icon\" data-id=\"5c5d3be\" data-element_type=\"widget\" data-widget_type=\"icon.default\">\n\t\t\t\t<div class=\"elementor-widget-container\">\n\t\t\t\t\t<div class=\"elementor-icon-wrapper\">\n\t\t\t<a class=\"elementor-icon\" href=\"https:\/\/familypointcostabrava.com\/es\/\">\n\t\t\t<svg xmlns=\"http:\/\/www.w3.org\/2000\/svg\" id=\"Capa_2\" data-name=\"Capa 2\" width=\"529.459\" height=\"108.834\" viewbox=\"0 0 529.459 108.834\"><defs><style>      .cls-1 {        fill: #fff;      }    <\/style><\/defs><g id=\"Capa_1-2\" data-name=\"Capa 1\"><g><g><path class=\"cls-1\" d=\"m0,31.402h49.164v11.061H11.676v22.124h30.727v11.062H11.676v33.185H0V31.402Z\"><\/path><path class=\"cls-1\" d=\"m77.434,31.402h9.832l29.498,77.432h-12.291l-6.76-17.821h-30.727l-6.76,17.821h-12.291l29.498-77.432Zm15.978,48.549l-11.062-30.727-11.062,30.727h22.124Z\"><\/path><path class=\"cls-1\" d=\"m236.575,31.738h11.676v77.097h-11.676V31.738Z\"><\/path><path class=\"cls-1\" d=\"m272.161,31.738h11.626v66.083h36.713v11.014h-48.339V31.738Z\"><\/path><path class=\"cls-1\" d=\"m336.805,78.386l-24.582-47.32h12.291l17.822,35.029h.614l17.822-35.029h12.291l-24.582,47.32v30.112h-11.676v-30.112Z\"><\/path><\/g><circle class=\"cls-1\" cx=\"171.136\" cy=\"32.205\" r=\"8.573\"><\/circle><circle class=\"cls-1\" cx=\"135.772\" cy=\"8.573\" r=\"8.573\"><\/circle><circle class=\"cls-1\" cx=\"209.131\" cy=\"8.573\" r=\"8.573\"><\/circle><path class=\"cls-1\" d=\"m208.512,25.378c-5.705-2.038-11.869-.327-15.707,4.358l-21.105,25.762-20.53-24.774c-3.853-4.649-10.011-6.33-15.694-4.282-5.68,2.048-9.351,7.273-9.351,13.311v69.083h11.401V39.751c0-1.743,1.27-2.389,1.817-2.586.546-.197,1.937-.51,3.049.832l21.948,26.485-6.725,8.209.039.032c-2.162,2.67-3.49,5.712-3.952,9.072-.655,4.765.45,9.325,3.194,13.185,3.495,4.914,8.541,7.627,14.593,7.846.234.008.466.013.698.013,3.792,0,7.308-1.131,10.459-3.366,4.253-3.016,6.897-7.321,7.645-12.452.822-5.633-.667-10.709-4.306-14.679l-.895-.977c-.892-.974-1.795-1.958-2.703-2.941l.013-.011-3.291-3.971,22.513-27.48c1.108-1.353,2.503-1.042,3.051-.847.549.196,1.824.841,1.824,2.589v70.132h11.401V38.702c0-6.056-3.685-11.287-9.388-13.324Zm-29.501,59.997c-.299,2.054-1.24,3.579-2.958,4.798-1.273.903-2.634,1.315-4.151,1.26-2.511-.091-4.274-1.034-5.714-3.059-1.076-1.513-1.455-3.11-1.191-5.026.22-1.597.923-2.938,2.213-4.219,1.274-1.265,3.174-3.223,4.903-5.021,1.533,1.639,3.066,3.312,4.572,4.956l.898.981c.817.892,1.855,2.414,1.429,5.331Z\"><\/path><g><path class=\"cls-1\" d=\"m387.979,31.05h4.042l1.244,2.799c.56-.56,1.182-1.119,1.928-1.555,1.306-.746,3.359-1.555,6.157-1.555,7.464,0,13.371,5.908,13.371,14.304s-5.908,14.304-13.371,14.304c-2.674,0-4.54-.746-5.846-1.555-.746-.435-1.368-.995-1.928-1.555v12.749h-5.597V31.05Zm21.145,13.993c0-5.286-3.794-9.018-8.085-9.018s-8.085,3.731-8.085,9.018,3.794,9.017,8.085,9.017,8.085-3.731,8.085-9.017Z\"><\/path><path class=\"cls-1\" d=\"m423.738,45.042c0-8.396,5.908-14.304,13.371-14.304s13.37,5.908,13.37,14.304-5.908,14.304-13.37,14.304-13.371-5.908-13.371-14.304Zm21.145,0c0-5.286-3.731-9.018-7.774-9.018s-7.775,3.731-7.775,9.018,3.731,9.017,7.775,9.017,7.774-3.731,7.774-9.017Z\"><\/path><path class=\"cls-1\" d=\"m467.27,23.276c0,1.928-1.492,3.421-3.42,3.421s-3.421-1.493-3.421-3.421,1.492-3.42,3.421-3.42,3.42,1.493,3.42,3.42Zm-6.218,7.774h5.597v27.986h-5.597v-27.986Z\"><\/path><path class=\"cls-1\" d=\"m478.775,31.05h4.042l1.244,2.799c.56-.56,1.182-1.119,1.928-1.555,1.306-.746,3.359-1.555,6.157-1.555,6.219,0,11.195,4.975,11.195,12.127v16.169h-5.598v-16.169c0-3.669-3.047-6.841-6.53-6.841-3.793,0-6.841,3.172-6.841,6.841v16.169h-5.597v-27.986Z\"><\/path><path class=\"cls-1\" d=\"m517.643,36.336h-4.975v-5.286h2.177c2.176,0,3.731-1.555,3.731-3.731v-3.731h4.664v7.463h6.219v5.286h-6.219v13.371c0,2.487,1.866,4.353,4.353,4.353.436,0,.871-.062,1.306-.124l.56-.187v4.975c-.249.124-.56.249-.871.311-.622.186-1.368.311-2.239.311-4.976,0-8.707-3.731-8.707-9.639v-13.371Z\"><\/path><\/g><\/g><\/g><\/svg>\t\t\t<\/a>\n\t\t<\/div>\n\t\t\t\t<\/div>\n\t\t\t\t<\/div>\n\t\t\t\t<div class=\"elementor-element elementor-element-5ecb45b elementor-align-right elementor-widget__width-initial elementor-widget elementor-widget-button\" data-id=\"5ecb45b\" data-element_type=\"widget\" data-widget_type=\"button.default\">\n\t\t\t\t<div class=\"elementor-widget-container\">\n\t\t\t\t\t<div class=\"elementor-button-wrapper\">\n\t\t\t<a href=\"https:\/\/familypointcostabrava.com\/es\/\" class=\"elementor-button-link elementor-button elementor-size-sm\" role=\"button\">\n\t\t\t\t\t\t<span class=\"elementor-button-content-wrapper\">\n\t\t\t\t\t\t\t<span class=\"elementor-button-icon elementor-align-icon-left\">\n\t\t\t\t<i aria-hidden=\"true\" class=\"fas fa-arrow-left\"><\/i>\t\t\t<\/span>\n\t\t\t\t\t\t<span class=\"elementor-button-text\">Volver al inicio<\/span>\n\t\t<\/span>\n\t\t\t\t\t<\/a>\n\t\t<\/div>\n\t\t\t\t<\/div>\n\t\t\t\t<\/div>\n\t\t\t\t\t<\/div>\n\t\t\t\t<\/div>\n\t\t<div class=\"elementor-element elementor-element-25eae62 e-con-full e-con\" data-id=\"25eae62\" data-element_type=\"container\" data-settings=\"{&quot;content_width&quot;:&quot;full&quot;,&quot;background_background&quot;:&quot;classic&quot;}\">\n\t\t<div class=\"elementor-element elementor-element-92ae69a e-con-boxed e-con\" data-id=\"92ae69a\" data-element_type=\"container\" data-settings=\"{&quot;content_width&quot;:&quot;boxed&quot;}\">\n\t\t\t\t\t<div class=\"e-con-inner\">\n\t\t\t\t<div class=\"elementor-element elementor-element-c42bf4e elementor-widget elementor-widget-heading\" data-id=\"c42bf4e\" data-element_type=\"widget\" data-widget_type=\"heading.default\">\n\t\t\t\t<div class=\"elementor-widget-container\">\n\t\t\t<style>\/*! elementor - v3.9.0 - 06-12-2022 *\/\n.elementor-heading-title{padding:0;margin:0;line-height:1}.elementor-widget-heading .elementor-heading-title[class*=elementor-size-]>a{color:inherit;font-size:inherit;line-height:inherit}.elementor-widget-heading .elementor-heading-title.elementor-size-small{font-size:15px}.elementor-widget-heading .elementor-heading-title.elementor-size-medium{font-size:19px}.elementor-widget-heading .elementor-heading-title.elementor-size-large{font-size:29px}.elementor-widget-heading .elementor-heading-title.elementor-size-xl{font-size:39px}.elementor-widget-heading .elementor-heading-title.elementor-size-xxl{font-size:59px}<\/style><h1 class=\"elementor-heading-title elementor-size-default\">Consentimiento inequ\u00edvoco<\/h1>\t\t<\/div>\n\t\t\t\t<\/div>\n\t\t\t\t\t<\/div>\n\t\t\t\t<\/div>\n\t\t\t\t<\/div>\n\t\t<div class=\"elementor-element elementor-element-e1338f2 e-con-boxed e-con\" data-id=\"e1338f2\" data-element_type=\"container\" data-settings=\"{&quot;content_width&quot;:&quot;boxed&quot;}\">\n\t\t\t\t\t<div class=\"e-con-inner\">\n\t\t\t\t<div class=\"elementor-element elementor-element-bfe442e elementor-widget elementor-widget-text-editor\" data-id=\"bfe442e\" data-element_type=\"widget\" data-widget_type=\"text-editor.default\">\n\t\t\t\t<div class=\"elementor-widget-container\">\n\t\t\t<style>\/*! elementor - v3.9.0 - 06-12-2022 *\/\n.elementor-widget-text-editor.elementor-drop-cap-view-stacked .elementor-drop-cap{background-color:#818a91;color:#fff}.elementor-widget-text-editor.elementor-drop-cap-view-framed .elementor-drop-cap{color:#818a91;border:3px solid;background-color:transparent}.elementor-widget-text-editor:not(.elementor-drop-cap-view-default) .elementor-drop-cap{margin-top:8px}.elementor-widget-text-editor:not(.elementor-drop-cap-view-default) .elementor-drop-cap-letter{width:1em;height:1em}.elementor-widget-text-editor .elementor-drop-cap{float:left;text-align:center;line-height:1;font-size:50px}.elementor-widget-text-editor .elementor-drop-cap-letter{display:inline-block}<\/style>\t\t\t\t<table id=\"simple-table\" class=\"table table-bordered table-hover\"><thead><tr><th class=\"detail-col\" colspan=\"2\">Informaci\u00f3n Adicional sobre Protecci\u00f3n de Datos<\/th><\/tr><\/thead><tbody><tr><td class=\"left\" width=\"30%\"><b>Responsable<\/b><\/td><td class=\"left\"><p><b>Responsable Tratamiento<\/b><br \/>\u00a0\u00a0Empresa: VISET TUR\u00cdSTICO SL. \u2013 B75375865<br \/>\u00a0\u00a0Direcci\u00f3n: Calle Segre, 4-6, 17430, Santa Coloma de Farners, Gerona<br \/>\u00a0 Contacto: <a href=\"mailto:info@familypointcostabrava.com\">info@familypointcostabrava.com<\/a> &#8211; 646941128<\/p><p><b>Delegado Protecci\u00f3n de Datos<\/b><br \/>\u00a0\u00a0N\u00famero: No es necesario DPO \u2013<br \/>\u00a0\u00a0Contacto: \u2013<\/p><\/td><\/tr><tr><td class=\"left\" width=\"30%\"><b>Finalidad<\/b><\/td><td class=\"left\"><p><b>\u00bfCon qu\u00e9 finalidad tratamos sus datos personales?<\/b><br \/>En VISET TUR\u00cdSTICO SL tratamos la informaci\u00f3n que nos facilitan las personas interesadas con el fin de:<br \/>\u00a0\u2022 Prestarles un servicio<br \/>\u00a0\u2022 Gesti\u00f3n contable, administrativa, de facturaci\u00f3n y gesti\u00f3n de cobras.<br \/>\u00a0\u2022 Env\u00edos de informaci\u00f3n rec\u00edproca mediante la plataforma whatsapp, sin que el Responsable pueda asegurar que dicha plataforma tome medidas de seguridad y realicen tratamientos adecuados al RGPD y LOPDGDD<br \/>\u00a0\u2022 Reservas<\/p><p><b>\u00bfPor cu\u00e1nto tiempo conservaremos sus datos?<\/b><br \/>Las datos personales proporcionados se conservar\u00e1n durante un plazo indefinido a partir de la \u00faltima confirmaci\u00f3n de inter\u00e9s. (Siempre y cuando no se solicite su supresi\u00f3n o se desligue la relaci\u00f3n mercantil).<\/p><\/td><\/tr><tr><td class=\"left\" width=\"30%\"><b>Legitimaci\u00f3n<\/b><\/td><td class=\"left\">\u00a0\u2022 Consentimiento inequ\u00edvoco<\/td><\/tr><tr><td class=\"left\" width=\"30%\"><b>Destinatarios<\/b><\/td><td class=\"left\"><p><b>Administraci\u00f3n tributaria<\/b><br \/><b>Bancos y entidades financieras<\/b><br \/><b>Gestor\u00eda\/Asesor\u00eda<\/b><br \/>\u00a0\u00a0Empresa: SMV ASESOR\u00cdA \u2013 40345309C<br \/>\u00a0\u00a0Direccion: TRAVESIA DE LA CRUZ 22 ENTRESOL 1 \u2013 (17001) GIRONA<br \/>\u00a0\u00a0Contacto: info@smvassessoria.com \u2013 655804351<\/p><p><b>Entidades de Consultor\u00eda\/Auditor\u00eda<\/b><br \/>\u00a0\u00a0Empresa: LABORAL RGPD S.LU \u2013 B25857798<br \/>\u00a0\u00a0Direccion: CALLE GIRONA 42 \u2013 (25005) LLEIDA<br \/>\u00a0\u00a0Contacto: info@laboralrgpd.com \u2013 678700800<\/p><p><b>Entidades inform\u00e1ticas de mantenimiento de software y hardware<\/b><br \/><b>Cuerpos y fuerzas de seguridad del estado<\/b><\/p><\/td><\/tr><tr><td class=\"left\" width=\"30%\"><b>Derechos<\/b><br \/><a href=\"https:\/\/intranet.laboralrgpd.com\/webApp\/clientes_derechos\/derechos-formulario.php?id_cliente=UjBSZjBsY2JKZStYUjB5SFY4UUZzZz09\" target=\"_blank\" rel=\"noopener\">(Solicitar Derecho)<\/a><\/td><td class=\"left\"><p><b>\u2022 Derecho a solicitar el acceso a las datos personales relativas al interesado<\/b><br \/>Tienes derecho a que te informen de lo siguiente:<br \/>\u2022 Copia de las datos personales objeto de tratamiento.<br \/>\u2022 Los fines del tratamiento, categor\u00edas de datos personales que se traten y de las posibles comunicaciones de datos y sus destinatarios.<br \/>\u2022 Si es posible, el plazo de conservaci\u00f3n de tus datos. De no serlo, los criterios para determinar ese plazo.<br \/>\u2022 Del derecho a solicitar la rectificaci\u00f3n o supresi\u00f3n de las datos, la limitaci\u00f3n al tratamiento, o oponerse al mismo.<br \/>\u2022 Del derecho a presentar una reclamaci\u00f3n ante la Autoridad de Control.<br \/>\u2022 Si se produce una transferencia internacional de datos, recibir informaci\u00f3n de las garant\u00edas adecuadas.<br \/>\u2022 De la existencia de decisiones automatizadas (incluyendo perfiles), la l\u00f3gica aplicada y consecuencias de este tratamiento.<\/p><p><b>\u2022 Derecho a solicitar su rectificaci\u00f3n<\/b><br \/>Tienes derecho, adem\u00e1s de rectificar las datos inexactas, a que se completen las datos personales incompletos, inclusive mediante declaraci\u00f3n adicional.<\/p><p><b>\u2022 Derecho a solicitar su supresi\u00f3n<\/b><br \/>Con este derecho podr\u00e1s solicitar:<br \/>\u2022 La supresi\u00f3n de las datos personales se realiza sin dilaci\u00f3n indebida cuando concurra alguno de los supuestos contemplados. Por ejemplo, tratamiento il\u00edcito de datos, o cuando haya desaparecido la finalidad que motiv\u00f3 el tratamiento o recogida.<br \/>\u2022 No obstante, se regulan una serie de excepciones en las que no proceder\u00e1 este derecho. Por ejemplo, cuando deba prevalecer el derecho a la libertad de expresi\u00f3n e informaci\u00f3n.<\/p><p><b>\u2022 Derecho a solicitar su oposici\u00f3n<\/b><br \/>Mediante el derecho de oposici\u00f3n podr\u00e1s oponerte al tratamiento de sus datos personales:<br \/>\u2022 Cuando por motivos relacionados con tu situaci\u00f3n personal, debe cesar el tratamiento de tus datos salvo que se acredite un inter\u00e9s legitimo, o sea necesario para el ejercicio o defensa de reclamaciones.<br \/>\u2022 Cuando el tratamiento tenga por objeto la mercadotecnia directa.<\/p><p><b>\u2022 Derecho a la Portabilidad de las datos<\/b><br \/>Podr\u00e1s recibir tus datos personales facilitados en un formato estructurado, de uso com\u00fan y lectura mec\u00e1nica, y poder transmitirlos a otro responsable, siempre que sea t\u00e9cnicamente posible.<\/p><p><b>\u2022 Derecho a solicitar la limitaci\u00f3n de su tratamiento<\/b><br \/>Este derecho te permite:<br \/>\u2022 Solicitar al responsable que suspenda el tratamiento de datos cuando:<br \/>\u2013 Se impugne la exactitud de las datos, mientras se verifica dicha exactitud por el responsable.<br \/>\u2013 El interesado ha ejercitado su derecho de oposici\u00f3n al tratamiento de datos, mientras se verifica si los motivos leg\u00edtimos del responsable prevalecen sobre el interesado.<br \/>\u2022 Solicitar al responsable que conserve sus datos personales cuando:<br \/>\u2013 El tratamiento de datos sea il\u00edcito y el interesado se oponga a la supresi\u00f3n de sus datos y solicite en su lugar la limitaci\u00f3n de su uso.<br \/>\u2013 El responsable ya no necesita las datos para los fines del tratamiento pero el interesado si los necesite para la formulaci\u00f3n, ejercicio o defensa de reclamaciones.<\/p><p><b>\u2022 Derecho a no ser objeto de decisiones individualizadas<\/b><br \/>Tienes derecho a no ser objeto de una decisi\u00f3n basada \u00fanicamente en el tratamiento automatizado, incluida la elaboraci\u00f3n de perfiles, que produzca efectos jur\u00eddicos o te afecte.<br \/>Se except\u00faa lo anterior cuando:<br \/>\u2022 Sea necesario para la celebraci\u00f3n o ejecuci\u00f3n de un contrato.<br \/>\u2022 Est\u00e1 permitido por el Derecho de la UE o de los Estados miembros, con medidas adecuadas para salvaguardar los derechos y libertades del titular de las datos.<br \/>\u2022 Exista consentimiento expl\u00edcito del titular de las datos.<\/p><p><b>\u2022 Derecho a retirar el consentimiento prestado<\/b><br \/>La retirada del consentimiento no afectar\u00e1 a la licitud del tratamiento basada en el consentimiento previo a su retirada. Antes de dar su consentimiento, el interesado ser\u00e1 informado de ello.<\/p><p><b>\u2022 Derecho a reclamar ante la Autoridad de Control<\/b><br \/>Todo interesado podr\u00e1 reclamar ante la Autoridad de control de cualquier Estado de la UE, si considera que el tratamiento de sus datos personales no se ajusta a lo dispuesto en el Reglamento.<\/p><\/td><\/tr><\/tbody><\/table>\t\t\t\t\t\t<\/div>\n\t\t\t\t<\/div>\n\t\t\t\t<div class=\"elementor-element elementor-element-6b0524c elementor-align-left elementor-widget__width-initial elementor-widget elementor-widget-button\" data-id=\"6b0524c\" data-element_type=\"widget\" data-widget_type=\"button.default\">\n\t\t\t\t<div class=\"elementor-widget-container\">\n\t\t\t\t\t<div class=\"elementor-button-wrapper\">\n\t\t\t<a href=\"https:\/\/familypointcostabrava.com\/es\/\" class=\"elementor-button-link elementor-button elementor-size-sm\" role=\"button\">\n\t\t\t\t\t\t<span class=\"elementor-button-content-wrapper\">\n\t\t\t\t\t\t\t<span class=\"elementor-button-icon elementor-align-icon-left\">\n\t\t\t\t<i aria-hidden=\"true\" class=\"fas fa-arrow-left\"><\/i>\t\t\t<\/span>\n\t\t\t\t\t\t<span class=\"elementor-button-text\">Volver al inicio<\/span>\n\t\t<\/span>\n\t\t\t\t\t<\/a>\n\t\t<\/div>\n\t\t\t\t<\/div>\n\t\t\t\t<\/div>\n\t\t\t\t\t<\/div>\n\t\t\t\t<\/div>\n\t\t\t\t\t\t\t<\/div>","protected":false},"excerpt":{"rendered":"<p>Volver al inicio Informaci\u00f3n Adicional sobre Protecci\u00f3n de Datos Responsable Responsable Tratamiento Empresa: VISET TUR\u00cdSTICO SL. \u2013 B75375865 Direcci\u00f3n: Calle Segre, 4-6, 17430, Santa Coloma de Farners, Girona Contacto: info@familypointcostabrava.com \u2013 646941128 Delegado Protecci\u00f3n de Datos<\/p>","protected":false},"author":1,"featured_media":0,"parent":0,"menu_order":0,"comment_status":"closed","ping_status":"closed","template":"elementor_canvas","meta":{"footnotes":""},"class_list":["post-564","page","type-page","status-publish","hentry"],"_links":{"self":[{"href":"https:\/\/familypointcostabrava.com\/es\/wp-json\/wp\/v2\/pages\/564","targetHints":{"allow":["GET"]}}],"collection":[{"href":"https:\/\/familypointcostabrava.com\/es\/wp-json\/wp\/v2\/pages"}],"about":[{"href":"https:\/\/familypointcostabrava.com\/es\/wp-json\/wp\/v2\/types\/page"}],"author":[{"embeddable":true,"href":"https:\/\/familypointcostabrava.com\/es\/wp-json\/wp\/v2\/users\/1"}],"replies":[{"embeddable":true,"href":"https:\/\/familypointcostabrava.com\/es\/wp-json\/wp\/v2\/comments?post=564"}],"version-history":[{"count":28,"href":"https:\/\/familypointcostabrava.com\/es\/wp-json\/wp\/v2\/pages\/564\/revisions"}],"predecessor-version":[{"id":694,"href":"https:\/\/familypointcostabrava.com\/es\/wp-json\/wp\/v2\/pages\/564\/revisions\/694"}],"wp:attachment":[{"href":"https:\/\/familypointcostabrava.com\/es\/wp-json\/wp\/v2\/media?parent=564"}],"curies":[{"name":"wp","href":"https:\/\/api.w.org\/{rel}","templated":true}]}}